{"id":30,"date":"2015-10-08T16:31:30","date_gmt":"2015-10-08T15:31:30","guid":{"rendered":"http:\/\/dharma.cz\/dynamic\/?page_id=30"},"modified":"2024-04-22T15:15:13","modified_gmt":"2024-04-22T14:15:13","slug":"products-and-services","status":"publish","type":"page","link":"https:\/\/dynfut.tamtomy.cz\/en\/products-and-services\/","title":{"rendered":"Products and services"},"content":{"rendered":"","protected":false},"excerpt":{"rendered":"","protected":false},"author":2,"featured_media":0,"parent":0,"menu_order":1,"comment_status":"closed","ping_status":"closed","template":"archive-services.blade.php","meta":{"footnotes":""},"acf":[],"yoast_head":"<!-- This site is optimized with the Yoast SEO plugin v22.5 - https:\/\/yoast.com\/wordpress\/plugins\/seo\/ -->\n<title>Products and services - DYNAMIC FUTURE<\/title>\n<meta name=\"robots\" content=\"noindex, follow, max-snippet:-1, max-image-preview:large, max-video-preview:-1\" \/>\n<meta property=\"og:locale\" content=\"en_US\" \/>\n<meta property=\"og:type\" content=\"article\" \/>\n<meta property=\"og:title\" content=\"Products and services - DYNAMIC FUTURE\" \/>\n<meta property=\"og:url\" content=\"https:\/\/dynfut.tamtomy.cz\/en\/products-and-services\/\" \/>\n<meta property=\"og:site_name\" content=\"DYNAMIC FUTURE\" \/>\n<meta property=\"article:modified_time\" content=\"2024-04-22T14:15:13+00:00\" \/>\n<meta name=\"twitter:card\" content=\"summary_large_image\" \/>\n<script type=\"application\/ld+json\" class=\"yoast-schema-graph\">{\"@context\":\"https:\/\/schema.org\",\"@graph\":[{\"@type\":\"WebPage\",\"@id\":\"https:\/\/dynfut.tamtomy.cz\/en\/products-and-services\/\",\"url\":\"https:\/\/dynfut.tamtomy.cz\/en\/products-and-services\/\",\"name\":\"Products and services - DYNAMIC FUTURE\",\"isPartOf\":{\"@id\":\"https:\/\/dynfut.tamtomy.cz\/en\/#website\"},\"datePublished\":\"2015-10-08T15:31:30+00:00\",\"dateModified\":\"2024-04-22T14:15:13+00:00\",\"breadcrumb\":{\"@id\":\"https:\/\/dynfut.tamtomy.cz\/en\/products-and-services\/#breadcrumb\"},\"inLanguage\":\"en-US\",\"potentialAction\":[{\"@type\":\"ReadAction\",\"target\":[\"https:\/\/dynfut.tamtomy.cz\/en\/products-and-services\/\"]}]},{\"@type\":\"BreadcrumbList\",\"@id\":\"https:\/\/dynfut.tamtomy.cz\/en\/products-and-services\/#breadcrumb\",\"itemListElement\":[{\"@type\":\"ListItem\",\"position\":1,\"name\":\"Home\",\"item\":\"https:\/\/dynfut.tamtomy.cz\/en\/\"},{\"@type\":\"ListItem\",\"position\":2,\"name\":\"Products and services\"}]},{\"@type\":\"WebSite\",\"@id\":\"https:\/\/dynfut.tamtomy.cz\/en\/#website\",\"url\":\"https:\/\/dynfut.tamtomy.cz\/en\/\",\"name\":\"DYNAMIC FUTURE\",\"description\":\"digital twins (digit\u00e1ln\u00ed dvoj\u010data) pro p\u0159esn\u00e9 rozhodov\u00e1n\u00ed v pr\u016fmyslu a logistice\",\"potentialAction\":[{\"@type\":\"SearchAction\",\"target\":{\"@type\":\"EntryPoint\",\"urlTemplate\":\"https:\/\/dynfut.tamtomy.cz\/en\/?s={search_term_string}\"},\"query-input\":\"required name=search_term_string\"}],\"inLanguage\":\"en-US\"}]}<\/script>\n<!-- \/ Yoast SEO plugin. -->","yoast_head_json":{"title":"Products and services - DYNAMIC FUTURE","robots":{"index":"noindex","follow":"follow","max-snippet":"max-snippet:-1","max-image-preview":"max-image-preview:large","max-video-preview":"max-video-preview:-1"},"og_locale":"en_US","og_type":"article","og_title":"Products and services - DYNAMIC FUTURE","og_url":"https:\/\/dynfut.tamtomy.cz\/en\/products-and-services\/","og_site_name":"DYNAMIC FUTURE","article_modified_time":"2024-04-22T14:15:13+00:00","twitter_card":"summary_large_image","schema":{"@context":"https:\/\/schema.org","@graph":[{"@type":"WebPage","@id":"https:\/\/dynfut.tamtomy.cz\/en\/products-and-services\/","url":"https:\/\/dynfut.tamtomy.cz\/en\/products-and-services\/","name":"Products and services - DYNAMIC FUTURE","isPartOf":{"@id":"https:\/\/dynfut.tamtomy.cz\/en\/#website"},"datePublished":"2015-10-08T15:31:30+00:00","dateModified":"2024-04-22T14:15:13+00:00","breadcrumb":{"@id":"https:\/\/dynfut.tamtomy.cz\/en\/products-and-services\/#breadcrumb"},"inLanguage":"en-US","potentialAction":[{"@type":"ReadAction","target":["https:\/\/dynfut.tamtomy.cz\/en\/products-and-services\/"]}]},{"@type":"BreadcrumbList","@id":"https:\/\/dynfut.tamtomy.cz\/en\/products-and-services\/#breadcrumb","itemListElement":[{"@type":"ListItem","position":1,"name":"Home","item":"https:\/\/dynfut.tamtomy.cz\/en\/"},{"@type":"ListItem","position":2,"name":"Products and services"}]},{"@type":"WebSite","@id":"https:\/\/dynfut.tamtomy.cz\/en\/#website","url":"https:\/\/dynfut.tamtomy.cz\/en\/","name":"DYNAMIC FUTURE","description":"digital twins (digit\u00e1ln\u00ed dvoj\u010data) pro p\u0159esn\u00e9 rozhodov\u00e1n\u00ed v pr\u016fmyslu a logistice","potentialAction":[{"@type":"SearchAction","target":{"@type":"EntryPoint","urlTemplate":"https:\/\/dynfut.tamtomy.cz\/en\/?s={search_term_string}"},"query-input":"required name=search_term_string"}],"inLanguage":"en-US"}]}},"_links":{"self":[{"href":"https:\/\/dynfut.tamtomy.cz\/en\/wp-json\/wp\/v2\/pages\/30"}],"collection":[{"href":"https:\/\/dynfut.tamtomy.cz\/en\/wp-json\/wp\/v2\/pages"}],"about":[{"href":"https:\/\/dynfut.tamtomy.cz\/en\/wp-json\/wp\/v2\/types\/page"}],"author":[{"embeddable":true,"href":"https:\/\/dynfut.tamtomy.cz\/en\/wp-json\/wp\/v2\/users\/2"}],"replies":[{"embeddable":true,"href":"https:\/\/dynfut.tamtomy.cz\/en\/wp-json\/wp\/v2\/comments?post=30"}],"version-history":[{"count":2,"href":"https:\/\/dynfut.tamtomy.cz\/en\/wp-json\/wp\/v2\/pages\/30\/revisions"}],"predecessor-version":[{"id":1421,"href":"https:\/\/dynfut.tamtomy.cz\/en\/wp-json\/wp\/v2\/pages\/30\/revisions\/1421"}],"wp:attachment":[{"href":"https:\/\/dynfut.tamtomy.cz\/en\/wp-json\/wp\/v2\/media?parent=30"}],"curies":[{"name":"wp","href":"https:\/\/api.w.org\/{rel}","templated":true}]}}