{"id":32,"date":"2015-10-08T16:50:39","date_gmt":"2015-10-08T15:50:39","guid":{"rendered":"http:\/\/dharma.cz\/dynamic\/?page_id=32"},"modified":"2024-06-12T15:29:54","modified_gmt":"2024-06-12T14:29:54","slug":"about-us","status":"publish","type":"page","link":"https:\/\/dynfut.tamtomy.cz\/en\/about-us\/","title":{"rendered":"About us"},"content":{"rendered":"\n<div class=\"wp-block-columns is-layout-flex wp-container-core-columns-is-layout-1 wp-block-columns-is-layout-flex\">\n<div class=\"wp-block-column is-layout-flow wp-block-column-is-layout-flow\" style=\"flex-basis:66.66%\">\n<p>DYNAMIC FUTURE is a leading <strong>Czech consulting organization<\/strong>. It was founded in 2000 by a team of experienced workers from industrial enterprises who worked in areas such as purchasing, sales, logistics, forecasting and transport.<\/p>\n<\/div>\n\n\n\n<div class=\"wp-block-column is-layout-flow wp-block-column-is-layout-flow\" style=\"flex-basis:33.33%\"><\/div>\n<\/div>\n\n\n\n<h3 class=\"wp-block-heading\">Our achievements<\/h3>\n\n\n\n<p>We have implemented over 1,000 projects focused on innovation, optimization and setting processes both for organizations engaged in logistics, production or services, as well as for municipalities.<\/p>\n\n\n\n<h3 class=\"wp-block-heading\">An innovative approach<\/h3>\n\n\n\n<p>We are the first company in the Czech Republic that started using dynamic simulation to solve logistics consulting projects. Our work methodology includes common sense, the ability to quickly understand the issue, logistic audit, dynamic simulation and data mining.<\/p>\n\n\n\n<h3 class=\"wp-block-heading\">Cooperation and communication<\/h3>\n\n\n\n<p>We believe that success lies in cooperation and regular communication between us and our partners. We are convinced that the outside view of experts supported by predictive methods enables faster identification and resolution of problems.<\/p>\n\n\n\n<h3 class=\"wp-block-heading\">Safety and quality<\/h3>\n\n\n\n<p>Our employees are vetted by the National Security Agency for dealing with classified information. We use high standards and secure procedures to protect our customers&#8217; sensitive data.<\/p>\n\n\n\n<h3 class=\"wp-block-heading\">Reseller Royal HaskoningDHV<\/h3>\n\n\n\n<p>We are the exclusive distributor of Lanner Group products and the Royal HaskonningDHV company for the Czech and Slovak Republics. We actively participate in product development.<\/p>\n\n\n\n<h3 class=\"wp-block-heading\">A stable team of experts<\/h3>\n\n\n\n<p>Our company consists of a stable team of experts with offices in Ostrava and Roudnice nad Labem. We are one of the largest Czech consulting organizations in the field of process optimization.<\/p>\n\n\n\n<h4 class=\"wp-block-heading\">DYNAMIC FUTURE s.r.o. is your reliable partner for effective and professional solutions to logistical and process challenges.<\/h4>\n\n\n\n<figure class=\"wp-block-gallery has-nested-images columns-default is-cropped wp-block-gallery-1 is-layout-flex wp-block-gallery-is-layout-flex\">\n<figure class=\"wp-block-image\"><a href=\"https:\/\/dynfut.tamtomy.cz\/wp-content\/uploads\/2024\/05\/240308-095927-IMG_9890.jpg\"><img loading=\"lazy\" decoding=\"async\" width=\"2048\" height=\"1366\" data-id=\"6518\" src=\"https:\/\/dynfut.tamtomy.cz\/wp-content\/uploads\/2024\/05\/240308-095927-IMG_9890.jpg\" alt=\"About us\" class=\"wp-image-6518\" srcset=\"https:\/\/dynfut.tamtomy.cz\/wp-content\/uploads\/2024\/05\/240308-095927-IMG_9890.jpg 2048w, https:\/\/dynfut.tamtomy.cz\/wp-content\/uploads\/2024\/05\/240308-095927-IMG_9890-150x100.jpg 150w, https:\/\/dynfut.tamtomy.cz\/wp-content\/uploads\/2024\/05\/240308-095927-IMG_9890-768x512.jpg 768w, https:\/\/dynfut.tamtomy.cz\/wp-content\/uploads\/2024\/05\/240308-095927-IMG_9890-1536x1025.jpg 1536w\" sizes=\"(max-width: 2048px) 100vw, 2048px\" \/><\/a><\/figure>\n\n\n\n<figure class=\"wp-block-image\"><a href=\"https:\/\/dynfut.tamtomy.cz\/wp-content\/uploads\/2024\/05\/tabule.png\"><img loading=\"lazy\" decoding=\"async\" width=\"1220\" height=\"1416\" data-id=\"6497\" src=\"https:\/\/dynfut.tamtomy.cz\/wp-content\/uploads\/2024\/05\/tabule.png\" alt=\"About us\" class=\"wp-image-6497\" srcset=\"https:\/\/dynfut.tamtomy.cz\/wp-content\/uploads\/2024\/05\/tabule.png 1220w, https:\/\/dynfut.tamtomy.cz\/wp-content\/uploads\/2024\/05\/tabule-129x150.png 129w, https:\/\/dynfut.tamtomy.cz\/wp-content\/uploads\/2024\/05\/tabule-768x891.png 768w\" sizes=\"(max-width: 1220px) 100vw, 1220px\" \/><\/a><\/figure>\n\n\n\n<figure class=\"wp-block-image\"><a href=\"https:\/\/dynfut.tamtomy.cz\/wp-content\/uploads\/2024\/05\/7.jpg\"><img loading=\"lazy\" decoding=\"async\" width=\"2048\" height=\"1366\" data-id=\"6488\" src=\"https:\/\/dynfut.tamtomy.cz\/wp-content\/uploads\/2024\/05\/7.jpg\" alt=\"About us\" class=\"wp-image-6488\" srcset=\"https:\/\/dynfut.tamtomy.cz\/wp-content\/uploads\/2024\/05\/7.jpg 2048w, https:\/\/dynfut.tamtomy.cz\/wp-content\/uploads\/2024\/05\/7-150x100.jpg 150w, https:\/\/dynfut.tamtomy.cz\/wp-content\/uploads\/2024\/05\/7-768x512.jpg 768w, https:\/\/dynfut.tamtomy.cz\/wp-content\/uploads\/2024\/05\/7-1536x1025.jpg 1536w\" sizes=\"(max-width: 2048px) 100vw, 2048px\" \/><\/a><\/figure>\n\n\n\n<figure class=\"wp-block-image\"><a href=\"https:\/\/dynfut.tamtomy.cz\/wp-content\/uploads\/2024\/05\/5.jpg\"><img loading=\"lazy\" decoding=\"async\" width=\"2048\" height=\"1366\" data-id=\"6484\" src=\"https:\/\/dynfut.tamtomy.cz\/wp-content\/uploads\/2024\/05\/5.jpg\" alt=\"About us\" class=\"wp-image-6484\" srcset=\"https:\/\/dynfut.tamtomy.cz\/wp-content\/uploads\/2024\/05\/5.jpg 2048w, https:\/\/dynfut.tamtomy.cz\/wp-content\/uploads\/2024\/05\/5-150x100.jpg 150w, https:\/\/dynfut.tamtomy.cz\/wp-content\/uploads\/2024\/05\/5-768x512.jpg 768w, https:\/\/dynfut.tamtomy.cz\/wp-content\/uploads\/2024\/05\/5-1536x1025.jpg 1536w\" sizes=\"(max-width: 2048px) 100vw, 2048px\" \/><\/a><\/figure>\n\n\n\n<figure class=\"wp-block-image\"><a href=\"https:\/\/dynfut.tamtomy.cz\/wp-content\/uploads\/2024\/05\/3.jpg\"><img loading=\"lazy\" decoding=\"async\" width=\"2048\" height=\"1366\" data-id=\"6480\" src=\"https:\/\/dynfut.tamtomy.cz\/wp-content\/uploads\/2024\/05\/3.jpg\" alt=\"About us\" class=\"wp-image-6480\" srcset=\"https:\/\/dynfut.tamtomy.cz\/wp-content\/uploads\/2024\/05\/3.jpg 2048w, https:\/\/dynfut.tamtomy.cz\/wp-content\/uploads\/2024\/05\/3-150x100.jpg 150w, https:\/\/dynfut.tamtomy.cz\/wp-content\/uploads\/2024\/05\/3-768x512.jpg 768w, https:\/\/dynfut.tamtomy.cz\/wp-content\/uploads\/2024\/05\/3-1536x1025.jpg 1536w\" sizes=\"(max-width: 2048px) 100vw, 2048px\" \/><\/a><\/figure>\n<\/figure>\n","protected":false},"excerpt":{"rendered":"<p>DYNAMIC FUTURE is a leading Czech consulting organization. It was founded in 2000 by a team of experienced workers from industrial enterprises who worked in areas such as purchasing, sales, logistics, forecasting and transport. Our achievements We have implemented over 1,000 projects focused on innovation, optimization and setting processes both for organizations engaged in logistics, [&hellip;]<\/p>\n","protected":false},"author":2,"featured_media":0,"parent":0,"menu_order":4,"comment_status":"closed","ping_status":"closed","template":"template-about.blade.php","meta":{"footnotes":""},"acf":[],"yoast_head":"<!-- This site is optimized with the Yoast SEO plugin v22.5 - https:\/\/yoast.com\/wordpress\/plugins\/seo\/ -->\n<title>About us - DYNAMIC FUTURE<\/title>\n<meta name=\"robots\" content=\"noindex, follow, max-snippet:-1, max-image-preview:large, max-video-preview:-1\" \/>\n<meta property=\"og:locale\" content=\"en_US\" \/>\n<meta property=\"og:type\" content=\"article\" \/>\n<meta property=\"og:title\" content=\"About us - DYNAMIC FUTURE\" \/>\n<meta property=\"og:description\" content=\"DYNAMIC FUTURE is a leading Czech consulting organization. It was founded in 2000 by a team of experienced workers from industrial enterprises who worked in areas such as purchasing, sales, logistics, forecasting and transport. Our achievements We have implemented over 1,000 projects focused on innovation, optimization and setting processes both for organizations engaged in logistics, [&hellip;]\" \/>\n<meta property=\"og:url\" content=\"https:\/\/dynfut.tamtomy.cz\/en\/about-us\/\" \/>\n<meta property=\"og:site_name\" content=\"DYNAMIC FUTURE\" \/>\n<meta property=\"article:modified_time\" content=\"2024-06-12T14:29:54+00:00\" \/>\n<meta property=\"og:image\" content=\"https:\/\/dynfut.tamtomy.cz\/wp-content\/uploads\/2024\/05\/240308-095927-IMG_9890.jpg\" \/>\n<meta name=\"twitter:card\" content=\"summary_large_image\" \/>\n<meta name=\"twitter:label1\" content=\"Est. reading time\" \/>\n\t<meta name=\"twitter:data1\" content=\"3 minutes\" \/>\n<script type=\"application\/ld+json\" class=\"yoast-schema-graph\">{\"@context\":\"https:\/\/schema.org\",\"@graph\":[{\"@type\":\"WebPage\",\"@id\":\"https:\/\/dynfut.tamtomy.cz\/en\/about-us\/\",\"url\":\"https:\/\/dynfut.tamtomy.cz\/en\/about-us\/\",\"name\":\"About us - DYNAMIC FUTURE\",\"isPartOf\":{\"@id\":\"https:\/\/dynfut.tamtomy.cz\/en\/#website\"},\"primaryImageOfPage\":{\"@id\":\"https:\/\/dynfut.tamtomy.cz\/en\/about-us\/#primaryimage\"},\"image\":{\"@id\":\"https:\/\/dynfut.tamtomy.cz\/en\/about-us\/#primaryimage\"},\"thumbnailUrl\":\"https:\/\/dynfut.tamtomy.cz\/wp-content\/uploads\/2024\/05\/240308-095927-IMG_9890.jpg\",\"datePublished\":\"2015-10-08T15:50:39+00:00\",\"dateModified\":\"2024-06-12T14:29:54+00:00\",\"breadcrumb\":{\"@id\":\"https:\/\/dynfut.tamtomy.cz\/en\/about-us\/#breadcrumb\"},\"inLanguage\":\"en-US\",\"potentialAction\":[{\"@type\":\"ReadAction\",\"target\":[\"https:\/\/dynfut.tamtomy.cz\/en\/about-us\/\"]}]},{\"@type\":\"ImageObject\",\"inLanguage\":\"en-US\",\"@id\":\"https:\/\/dynfut.tamtomy.cz\/en\/about-us\/#primaryimage\",\"url\":\"https:\/\/dynfut.tamtomy.cz\/wp-content\/uploads\/2024\/05\/240308-095927-IMG_9890.jpg\",\"contentUrl\":\"https:\/\/dynfut.tamtomy.cz\/wp-content\/uploads\/2024\/05\/240308-095927-IMG_9890.jpg\"},{\"@type\":\"BreadcrumbList\",\"@id\":\"https:\/\/dynfut.tamtomy.cz\/en\/about-us\/#breadcrumb\",\"itemListElement\":[{\"@type\":\"ListItem\",\"position\":1,\"name\":\"Home\",\"item\":\"https:\/\/dynfut.tamtomy.cz\/en\/\"},{\"@type\":\"ListItem\",\"position\":2,\"name\":\"About us\"}]},{\"@type\":\"WebSite\",\"@id\":\"https:\/\/dynfut.tamtomy.cz\/en\/#website\",\"url\":\"https:\/\/dynfut.tamtomy.cz\/en\/\",\"name\":\"DYNAMIC FUTURE\",\"description\":\"digital twins (digit\u00e1ln\u00ed dvoj\u010data) pro p\u0159esn\u00e9 rozhodov\u00e1n\u00ed v pr\u016fmyslu a logistice\",\"potentialAction\":[{\"@type\":\"SearchAction\",\"target\":{\"@type\":\"EntryPoint\",\"urlTemplate\":\"https:\/\/dynfut.tamtomy.cz\/en\/?s={search_term_string}\"},\"query-input\":\"required name=search_term_string\"}],\"inLanguage\":\"en-US\"}]}<\/script>\n<!-- \/ Yoast SEO plugin. -->","yoast_head_json":{"title":"About us - DYNAMIC FUTURE","robots":{"index":"noindex","follow":"follow","max-snippet":"max-snippet:-1","max-image-preview":"max-image-preview:large","max-video-preview":"max-video-preview:-1"},"og_locale":"en_US","og_type":"article","og_title":"About us - DYNAMIC FUTURE","og_description":"DYNAMIC FUTURE is a leading Czech consulting organization. It was founded in 2000 by a team of experienced workers from industrial enterprises who worked in areas such as purchasing, sales, logistics, forecasting and transport. Our achievements We have implemented over 1,000 projects focused on innovation, optimization and setting processes both for organizations engaged in logistics, [&hellip;]","og_url":"https:\/\/dynfut.tamtomy.cz\/en\/about-us\/","og_site_name":"DYNAMIC FUTURE","article_modified_time":"2024-06-12T14:29:54+00:00","og_image":[{"url":"https:\/\/dynfut.tamtomy.cz\/wp-content\/uploads\/2024\/05\/240308-095927-IMG_9890.jpg"}],"twitter_card":"summary_large_image","twitter_misc":{"Est. reading time":"3 minutes"},"schema":{"@context":"https:\/\/schema.org","@graph":[{"@type":"WebPage","@id":"https:\/\/dynfut.tamtomy.cz\/en\/about-us\/","url":"https:\/\/dynfut.tamtomy.cz\/en\/about-us\/","name":"About us - DYNAMIC FUTURE","isPartOf":{"@id":"https:\/\/dynfut.tamtomy.cz\/en\/#website"},"primaryImageOfPage":{"@id":"https:\/\/dynfut.tamtomy.cz\/en\/about-us\/#primaryimage"},"image":{"@id":"https:\/\/dynfut.tamtomy.cz\/en\/about-us\/#primaryimage"},"thumbnailUrl":"https:\/\/dynfut.tamtomy.cz\/wp-content\/uploads\/2024\/05\/240308-095927-IMG_9890.jpg","datePublished":"2015-10-08T15:50:39+00:00","dateModified":"2024-06-12T14:29:54+00:00","breadcrumb":{"@id":"https:\/\/dynfut.tamtomy.cz\/en\/about-us\/#breadcrumb"},"inLanguage":"en-US","potentialAction":[{"@type":"ReadAction","target":["https:\/\/dynfut.tamtomy.cz\/en\/about-us\/"]}]},{"@type":"ImageObject","inLanguage":"en-US","@id":"https:\/\/dynfut.tamtomy.cz\/en\/about-us\/#primaryimage","url":"https:\/\/dynfut.tamtomy.cz\/wp-content\/uploads\/2024\/05\/240308-095927-IMG_9890.jpg","contentUrl":"https:\/\/dynfut.tamtomy.cz\/wp-content\/uploads\/2024\/05\/240308-095927-IMG_9890.jpg"},{"@type":"BreadcrumbList","@id":"https:\/\/dynfut.tamtomy.cz\/en\/about-us\/#breadcrumb","itemListElement":[{"@type":"ListItem","position":1,"name":"Home","item":"https:\/\/dynfut.tamtomy.cz\/en\/"},{"@type":"ListItem","position":2,"name":"About us"}]},{"@type":"WebSite","@id":"https:\/\/dynfut.tamtomy.cz\/en\/#website","url":"https:\/\/dynfut.tamtomy.cz\/en\/","name":"DYNAMIC FUTURE","description":"digital twins (digit\u00e1ln\u00ed dvoj\u010data) pro p\u0159esn\u00e9 rozhodov\u00e1n\u00ed v pr\u016fmyslu a logistice","potentialAction":[{"@type":"SearchAction","target":{"@type":"EntryPoint","urlTemplate":"https:\/\/dynfut.tamtomy.cz\/en\/?s={search_term_string}"},"query-input":"required name=search_term_string"}],"inLanguage":"en-US"}]}},"_links":{"self":[{"href":"https:\/\/dynfut.tamtomy.cz\/en\/wp-json\/wp\/v2\/pages\/32"}],"collection":[{"href":"https:\/\/dynfut.tamtomy.cz\/en\/wp-json\/wp\/v2\/pages"}],"about":[{"href":"https:\/\/dynfut.tamtomy.cz\/en\/wp-json\/wp\/v2\/types\/page"}],"author":[{"embeddable":true,"href":"https:\/\/dynfut.tamtomy.cz\/en\/wp-json\/wp\/v2\/users\/2"}],"replies":[{"embeddable":true,"href":"https:\/\/dynfut.tamtomy.cz\/en\/wp-json\/wp\/v2\/comments?post=32"}],"version-history":[{"count":15,"href":"https:\/\/dynfut.tamtomy.cz\/en\/wp-json\/wp\/v2\/pages\/32\/revisions"}],"predecessor-version":[{"id":6713,"href":"https:\/\/dynfut.tamtomy.cz\/en\/wp-json\/wp\/v2\/pages\/32\/revisions\/6713"}],"wp:attachment":[{"href":"https:\/\/dynfut.tamtomy.cz\/en\/wp-json\/wp\/v2\/media?parent=32"}],"curies":[{"name":"wp","href":"https:\/\/api.w.org\/{rel}","templated":true}]}}