{"id":42,"date":"2015-10-08T16:50:56","date_gmt":"2015-10-08T15:50:56","guid":{"rendered":"http:\/\/dharma.cz\/dynamic\/?page_id=42"},"modified":"2024-05-06T14:08:13","modified_gmt":"2024-05-06T13:08:13","slug":"contact","status":"publish","type":"page","link":"https:\/\/dynfut.tamtomy.cz\/en\/contact\/","title":{"rendered":"Contact"},"content":{"rendered":"\n<div class=\"wp-block-columns is-layout-flex wp-container-core-columns-is-layout-1 wp-block-columns-is-layout-flex\">\n<div class=\"wp-block-column is-layout-flow wp-block-column-is-layout-flow\">\n<h2 class=\"wp-block-heading\">You want to ask something?<\/h2>\n\n\n\n<figure class=\"wp-block-image size-full\"><img loading=\"lazy\" decoding=\"async\" width=\"2048\" height=\"1366\" src=\"https:\/\/dynfut.tamtomy.cz\/wp-content\/uploads\/2024\/04\/7.jpg\" alt=\"Contact\" class=\"wp-image-6291\" srcset=\"https:\/\/dynfut.tamtomy.cz\/wp-content\/uploads\/2024\/04\/7.jpg 2048w, https:\/\/dynfut.tamtomy.cz\/wp-content\/uploads\/2024\/04\/7-150x100.jpg 150w, https:\/\/dynfut.tamtomy.cz\/wp-content\/uploads\/2024\/04\/7-768x512.jpg 768w, https:\/\/dynfut.tamtomy.cz\/wp-content\/uploads\/2024\/04\/7-1536x1025.jpg 1536w\" sizes=\"(max-width: 2048px) 100vw, 2048px\" \/><\/figure>\n<\/div>\n\n\n\n<div class=\"wp-block-column is-layout-flow wp-block-column-is-layout-flow\"><!-- HTML Forms v1.3.30 - https:\/\/wordpress.org\/plugins\/html-forms\/ --><form method=\"post\"  class=\"hf-form hf-form-6390 \" data-id=\"6390\" data-title=\"Contact form\" data-slug=\"contact-form\" data-message-success=\"Thank you! We will be in touch soon.\" data-message-invalid-email=\"Sorry, that email address looks invalid.\" data-message-required-field-missing=\"Please fill in the required fields.\" data-message-error=\"Oops. An error occurred.\"><input type=\"hidden\" name=\"_hf_form_id\" value=\"6390\" \/><div style=\"display: none;\"><input type=\"text\" name=\"_hf_h6390\" value=\"\" \/><\/div><div class=\"hf-fields-wrap\"><div class=\"form-group\">                          \r\n  <label for=\"name\"><small>Name *<\/small><\/label>\r\n  <input type=\"text\" id=\"name\" name=\"name\" required placeholder=\"Jan Nov\u00e1k\">\r\n<\/div>\r\n<div class=\"form-group\">\r\n  \t<label for=\"email\"><small>Email *<\/small><\/label>\r\n\t<input type=\"email\" id=\"email\" name=\"email\" required placeholder=\"jan@novak.cz\">\r\n<\/div>\r\n<div class=\"form-group\">\r\n  \t<label for=\"tel\"><small>Phone *<\/small><\/label>\r\n\t<input type=\"tel\" id=\"phone\" name=\"phone\" required placeholder=\"111 111 111\">\r\n<\/div>\r\n<div class=\"form-group\">\r\n  \t<label for=\"message\"><small>Message *<\/small><\/label>\r\n\t<textarea id=\"message\" name=\"message\" required placeholder=\"...\"><\/textarea>\r\n<\/div>\r\n<div class=\"form-disclaimer\">\r\n  \t<input class=\"consent\" type=\"checkbox\" id=\"consent\" name=\"consent\" required>\r\n\t<small>By submitting the form, you agree to the processing of personal data.<\/small>\r\n<\/div>\r\n<div class=\"form-required\">\r\n\t<small>Fields marked with * are mandatory.<\/small>\r\n<\/div>\r\n<br>\r\n<button href=\"#\" class=\"Button Button--alternative\">\r\nSend\r\n<svg xmlns=\"http:\/\/www.w3.org\/2000\/svg\" width=\"18\" height=\"16\" viewBox=\"0 0 18 16\" fill=\"none\">\r\n<path d=\"M10.3771 14.2421L16.6174 8.00188L10.374 1.75854\" stroke=\"white\" stroke-width=\"1.2\" stroke-miterlimit=\"2.6131\" stroke-linecap=\"round\" stroke-linejoin=\"round\"\/>\r\n<path d=\"M16.6173 8.00179L0.999807 7.998\" stroke=\"white\" stroke-width=\"1.2\" stroke-miterlimit=\"2.6131\" stroke-linecap=\"round\" stroke-linejoin=\"round\"\/>\r\n<\/svg>\r\n<\/button><noscript>Please enable JavaScript for this form to work.<\/noscript><\/div><\/form><!-- \/ HTML Forms --><\/div>\n<\/div>\n\n\n\n<div class=\"wp-block-columns is-layout-flex wp-container-core-columns-is-layout-2 wp-block-columns-is-layout-flex\">\n<div class=\"wp-block-column is-layout-flow wp-block-column-is-layout-flow\">\n<iframe src=\"https:\/\/www.google.com\/maps\/embed?pb=!1m18!1m12!1m3!1d2573.1561772566174!2d18.304487476800922!3d49.83952293116302!2m3!1f0!2f0!3f0!3m2!1i1024!2i768!4f13.1!3m3!1m2!1s0x4713fcd3503985b7%3A0xbeb95c27dd4764b3!2zT2LEjWFuc2vDoSAxMTE3LzIzLCA3MTAgMDAgU2xlenNrw6EgT3N0cmF2YSwgxIxlc2tv!5e0!3m2!1scs!2ssc!4v1713426750139!5m2!1scs!2ssc\" width=\"600\" height=\"450\" style=\"border:0;\" allowfullscreen=\"\" loading=\"lazy\" referrerpolicy=\"no-referrer-when-downgrade\"><\/iframe>\n<\/div>\n\n\n\n<div class=\"wp-block-column is-layout-flow wp-block-column-is-layout-flow\">\n<h2 class=\"wp-block-heading\">Ostrava<\/h2>\n\n\n\n<h3 class=\"wp-block-heading\"><strong>S\u00eddlo firmy, oblast Morava a Slovensko<\/strong><\/h3>\n\n\n\n<p>Ob\u010dansk\u00e1 1117\/23 710 00 <br>Ostrava \u2013 Slezsk\u00e1 Ostrava <br>\u010cesk\u00e1 republika <br>tel.: <a href=\"tel:+420 596 128 405\">+420 596 128 405<\/a><\/p>\n\n\n\n<p>I\u010c: 258 71 871 DI\u010c: CZ25871871<\/p>\n<\/div>\n<\/div>\n\n\n\n<div class=\"wp-block-columns is-layout-flex wp-container-core-columns-is-layout-3 wp-block-columns-is-layout-flex\">\n<div class=\"wp-block-column is-layout-flow wp-block-column-is-layout-flow\">\n<h2 class=\"wp-block-heading\">Roudnice nad Labem<\/h2>\n\n\n\n<h3 class=\"wp-block-heading\"><strong>Pobo\u010dka&nbsp;a oblast \u010cechy<\/strong><\/h3>\n\n\n\n<p>Stadick\u00e1 1305<br>413 01 Roudnice nad Labem<br>\u010cesk\u00e1 republika<br>tel.: <a href=\"tel:+420 284 689 802\">+420 284 689 802<\/a><\/p>\n<\/div>\n\n\n\n<div class=\"wp-block-column is-layout-flow wp-block-column-is-layout-flow\">\n<iframe src=\"https:\/\/www.google.com\/maps\/embed?pb=!1m18!1m12!1m3!1d2542.140095517582!2d14.246327576827806!3d50.419861389565376!2m3!1f0!2f0!3f0!3m2!1i1024!2i768!4f13.1!3m3!1m2!1s0x470bd70d3a702981%3A0x1a133dfbb5148d05!2sStadick%C3%A1%201305%2C%20413%2001%20Roudnice%20nad%20Labem%2C%20%C4%8Cesko!5e0!3m2!1scs!2ssc!4v1713426791074!5m2!1scs!2ssc\" width=\"600\" height=\"450\" style=\"border:0;\" allowfullscreen=\"\" loading=\"lazy\" referrerpolicy=\"no-referrer-when-downgrade\"><\/iframe>\n<\/div>\n<\/div>\n\n\n\n<h4 class=\"wp-block-heading\">Jednatel\u00e9 firmy<\/h4>\n\n\n\n<div class=\"wp-block-columns is-layout-flex wp-container-core-columns-is-layout-4 wp-block-columns-is-layout-flex\">\n<div class=\"wp-block-column is-layout-flow wp-block-column-is-layout-flow\">\n<p><strong>Ing. Jan \u0160lajer<\/strong><br>Jednatel firmy<\/p>\n\n\n\n<p><img loading=\"lazy\" decoding=\"async\" width=\"150\" height=\"225\" class=\"wp-image-6380\" style=\"width: 150px;\" src=\"https:\/\/dynfut.tamtomy.cz\/wp-content\/uploads\/2024\/05\/240308-091615-IMG_9617-2.jpg\" alt=\"Jan \u0160lajer\" srcset=\"https:\/\/dynfut.tamtomy.cz\/wp-content\/uploads\/2024\/05\/240308-091615-IMG_9617-2.jpg 1366w, https:\/\/dynfut.tamtomy.cz\/wp-content\/uploads\/2024\/05\/240308-091615-IMG_9617-2-100x150.jpg 100w, https:\/\/dynfut.tamtomy.cz\/wp-content\/uploads\/2024\/05\/240308-091615-IMG_9617-2-768x1151.jpg 768w, https:\/\/dynfut.tamtomy.cz\/wp-content\/uploads\/2024\/05\/240308-091615-IMG_9617-2-1025x1536.jpg 1025w\" sizes=\"(max-width: 150px) 100vw, 150px\" \/><\/p>\n\n\n\n<p><strong>telefon:<\/strong>\u00a0<a href=\"tel:284689802\">284 689 802<\/a><br><strong>mobil:<\/strong>\u00a0<a href=\"tel:+420777948555\">777 948 555<\/a><br><strong>email:<\/strong>\u00a0<a href=\"mailto:jan.slajer@dynfut.cz\">jan.slajer@dynfut.cz<\/a><\/p>\n<\/div>\n\n\n\n<div class=\"wp-block-column is-layout-flow wp-block-column-is-layout-flow\">\n<p><strong>Ing. Petr Jal\u016fvka<\/strong><br>Jednatel firmy<\/p>\n\n\n\n<p><img loading=\"lazy\" decoding=\"async\" width=\"150\" height=\"225\" class=\"wp-image-6383\" style=\"width: 150px;\" src=\"https:\/\/dynfut.tamtomy.cz\/wp-content\/uploads\/2024\/05\/240308-093440-IMG_9729-2.jpg\" alt=\"Petr Jal\u016fvka\" srcset=\"https:\/\/dynfut.tamtomy.cz\/wp-content\/uploads\/2024\/05\/240308-093440-IMG_9729-2.jpg 1366w, https:\/\/dynfut.tamtomy.cz\/wp-content\/uploads\/2024\/05\/240308-093440-IMG_9729-2-100x150.jpg 100w, https:\/\/dynfut.tamtomy.cz\/wp-content\/uploads\/2024\/05\/240308-093440-IMG_9729-2-768x1151.jpg 768w, https:\/\/dynfut.tamtomy.cz\/wp-content\/uploads\/2024\/05\/240308-093440-IMG_9729-2-1025x1536.jpg 1025w\" sizes=\"(max-width: 150px) 100vw, 150px\" \/><\/p>\n\n\n\n<p><strong>telefon:<\/strong>\u00a0<a href=\"tel:596128405\">596 128 405<\/a><br><strong>mobil:<\/strong>\u00a0<a href=\"tel:+420777947177\">777 947 177<\/a><br><strong>email:<\/strong>\u00a0<a href=\"mailto:petr.jaluvka@dynfut.cz\">petr.jaluvka@dynfut.cz<\/a><\/p>\n<\/div>\n\n\n\n<div class=\"wp-block-column is-layout-flow wp-block-column-is-layout-flow\"><\/div>\n<\/div>\n","protected":false},"excerpt":{"rendered":"<p>You want to ask something? Ostrava S\u00eddlo firmy, oblast Morava a Slovensko Ob\u010dansk\u00e1 1117\/23 710 00 Ostrava \u2013 Slezsk\u00e1 Ostrava \u010cesk\u00e1 republika tel.: +420 596 128 405 I\u010c: 258 71 871 DI\u010c: CZ25871871 Roudnice nad Labem Pobo\u010dka&nbsp;a oblast \u010cechy Stadick\u00e1 1305413 01 Roudnice nad Labem\u010cesk\u00e1 republikatel.: +420 284 689 802 Jednatel\u00e9 firmy Ing. Jan \u0160lajerJednatel [&hellip;]<\/p>\n","protected":false},"author":2,"featured_media":0,"parent":0,"menu_order":5,"comment_status":"closed","ping_status":"closed","template":"","meta":{"footnotes":""},"acf":[],"yoast_head":"<!-- This site is optimized with the Yoast SEO plugin v22.5 - https:\/\/yoast.com\/wordpress\/plugins\/seo\/ -->\n<title>Contact - DYNAMIC FUTURE<\/title>\n<meta name=\"robots\" content=\"noindex, follow, max-snippet:-1, max-image-preview:large, max-video-preview:-1\" \/>\n<meta property=\"og:locale\" content=\"en_US\" \/>\n<meta property=\"og:type\" content=\"article\" \/>\n<meta property=\"og:title\" content=\"Contact - DYNAMIC FUTURE\" \/>\n<meta property=\"og:description\" content=\"You want to ask something? Ostrava S\u00eddlo firmy, oblast Morava a Slovensko Ob\u010dansk\u00e1 1117\/23 710 00 Ostrava \u2013 Slezsk\u00e1 Ostrava \u010cesk\u00e1 republika tel.: +420 596 128 405 I\u010c: 258 71 871 DI\u010c: CZ25871871 Roudnice nad Labem Pobo\u010dka&nbsp;a oblast \u010cechy Stadick\u00e1 1305413 01 Roudnice nad Labem\u010cesk\u00e1 republikatel.: +420 284 689 802 Jednatel\u00e9 firmy Ing. Jan \u0160lajerJednatel [&hellip;]\" \/>\n<meta property=\"og:url\" content=\"https:\/\/dynfut.tamtomy.cz\/en\/contact\/\" \/>\n<meta property=\"og:site_name\" content=\"DYNAMIC FUTURE\" \/>\n<meta property=\"article:modified_time\" content=\"2024-05-06T13:08:13+00:00\" \/>\n<meta property=\"og:image\" content=\"https:\/\/dynfut.tamtomy.cz\/wp-content\/uploads\/2024\/04\/7.jpg\" \/>\n<meta name=\"twitter:card\" content=\"summary_large_image\" \/>\n<meta name=\"twitter:label1\" content=\"Est. reading time\" \/>\n\t<meta name=\"twitter:data1\" content=\"2 minutes\" \/>\n<script type=\"application\/ld+json\" class=\"yoast-schema-graph\">{\"@context\":\"https:\/\/schema.org\",\"@graph\":[{\"@type\":\"WebPage\",\"@id\":\"https:\/\/dynfut.tamtomy.cz\/en\/contact\/\",\"url\":\"https:\/\/dynfut.tamtomy.cz\/en\/contact\/\",\"name\":\"Contact - DYNAMIC FUTURE\",\"isPartOf\":{\"@id\":\"https:\/\/dynfut.tamtomy.cz\/en\/#website\"},\"primaryImageOfPage\":{\"@id\":\"https:\/\/dynfut.tamtomy.cz\/en\/contact\/#primaryimage\"},\"image\":{\"@id\":\"https:\/\/dynfut.tamtomy.cz\/en\/contact\/#primaryimage\"},\"thumbnailUrl\":\"https:\/\/dynfut.tamtomy.cz\/wp-content\/uploads\/2024\/04\/7.jpg\",\"datePublished\":\"2015-10-08T15:50:56+00:00\",\"dateModified\":\"2024-05-06T13:08:13+00:00\",\"breadcrumb\":{\"@id\":\"https:\/\/dynfut.tamtomy.cz\/en\/contact\/#breadcrumb\"},\"inLanguage\":\"en-US\",\"potentialAction\":[{\"@type\":\"ReadAction\",\"target\":[\"https:\/\/dynfut.tamtomy.cz\/en\/contact\/\"]}]},{\"@type\":\"ImageObject\",\"inLanguage\":\"en-US\",\"@id\":\"https:\/\/dynfut.tamtomy.cz\/en\/contact\/#primaryimage\",\"url\":\"https:\/\/dynfut.tamtomy.cz\/wp-content\/uploads\/2024\/04\/7.jpg\",\"contentUrl\":\"https:\/\/dynfut.tamtomy.cz\/wp-content\/uploads\/2024\/04\/7.jpg\"},{\"@type\":\"BreadcrumbList\",\"@id\":\"https:\/\/dynfut.tamtomy.cz\/en\/contact\/#breadcrumb\",\"itemListElement\":[{\"@type\":\"ListItem\",\"position\":1,\"name\":\"Home\",\"item\":\"https:\/\/dynfut.tamtomy.cz\/en\/\"},{\"@type\":\"ListItem\",\"position\":2,\"name\":\"Contact\"}]},{\"@type\":\"WebSite\",\"@id\":\"https:\/\/dynfut.tamtomy.cz\/en\/#website\",\"url\":\"https:\/\/dynfut.tamtomy.cz\/en\/\",\"name\":\"DYNAMIC FUTURE\",\"description\":\"digital twins (digit\u00e1ln\u00ed dvoj\u010data) pro p\u0159esn\u00e9 rozhodov\u00e1n\u00ed v pr\u016fmyslu a logistice\",\"potentialAction\":[{\"@type\":\"SearchAction\",\"target\":{\"@type\":\"EntryPoint\",\"urlTemplate\":\"https:\/\/dynfut.tamtomy.cz\/en\/?s={search_term_string}\"},\"query-input\":\"required name=search_term_string\"}],\"inLanguage\":\"en-US\"}]}<\/script>\n<!-- \/ Yoast SEO plugin. -->","yoast_head_json":{"title":"Contact - DYNAMIC FUTURE","robots":{"index":"noindex","follow":"follow","max-snippet":"max-snippet:-1","max-image-preview":"max-image-preview:large","max-video-preview":"max-video-preview:-1"},"og_locale":"en_US","og_type":"article","og_title":"Contact - DYNAMIC FUTURE","og_description":"You want to ask something? Ostrava S\u00eddlo firmy, oblast Morava a Slovensko Ob\u010dansk\u00e1 1117\/23 710 00 Ostrava \u2013 Slezsk\u00e1 Ostrava \u010cesk\u00e1 republika tel.: +420 596 128 405 I\u010c: 258 71 871 DI\u010c: CZ25871871 Roudnice nad Labem Pobo\u010dka&nbsp;a oblast \u010cechy Stadick\u00e1 1305413 01 Roudnice nad Labem\u010cesk\u00e1 republikatel.: +420 284 689 802 Jednatel\u00e9 firmy Ing. Jan \u0160lajerJednatel [&hellip;]","og_url":"https:\/\/dynfut.tamtomy.cz\/en\/contact\/","og_site_name":"DYNAMIC FUTURE","article_modified_time":"2024-05-06T13:08:13+00:00","og_image":[{"url":"https:\/\/dynfut.tamtomy.cz\/wp-content\/uploads\/2024\/04\/7.jpg"}],"twitter_card":"summary_large_image","twitter_misc":{"Est. reading time":"2 minutes"},"schema":{"@context":"https:\/\/schema.org","@graph":[{"@type":"WebPage","@id":"https:\/\/dynfut.tamtomy.cz\/en\/contact\/","url":"https:\/\/dynfut.tamtomy.cz\/en\/contact\/","name":"Contact - DYNAMIC FUTURE","isPartOf":{"@id":"https:\/\/dynfut.tamtomy.cz\/en\/#website"},"primaryImageOfPage":{"@id":"https:\/\/dynfut.tamtomy.cz\/en\/contact\/#primaryimage"},"image":{"@id":"https:\/\/dynfut.tamtomy.cz\/en\/contact\/#primaryimage"},"thumbnailUrl":"https:\/\/dynfut.tamtomy.cz\/wp-content\/uploads\/2024\/04\/7.jpg","datePublished":"2015-10-08T15:50:56+00:00","dateModified":"2024-05-06T13:08:13+00:00","breadcrumb":{"@id":"https:\/\/dynfut.tamtomy.cz\/en\/contact\/#breadcrumb"},"inLanguage":"en-US","potentialAction":[{"@type":"ReadAction","target":["https:\/\/dynfut.tamtomy.cz\/en\/contact\/"]}]},{"@type":"ImageObject","inLanguage":"en-US","@id":"https:\/\/dynfut.tamtomy.cz\/en\/contact\/#primaryimage","url":"https:\/\/dynfut.tamtomy.cz\/wp-content\/uploads\/2024\/04\/7.jpg","contentUrl":"https:\/\/dynfut.tamtomy.cz\/wp-content\/uploads\/2024\/04\/7.jpg"},{"@type":"BreadcrumbList","@id":"https:\/\/dynfut.tamtomy.cz\/en\/contact\/#breadcrumb","itemListElement":[{"@type":"ListItem","position":1,"name":"Home","item":"https:\/\/dynfut.tamtomy.cz\/en\/"},{"@type":"ListItem","position":2,"name":"Contact"}]},{"@type":"WebSite","@id":"https:\/\/dynfut.tamtomy.cz\/en\/#website","url":"https:\/\/dynfut.tamtomy.cz\/en\/","name":"DYNAMIC FUTURE","description":"digital twins (digit\u00e1ln\u00ed dvoj\u010data) pro p\u0159esn\u00e9 rozhodov\u00e1n\u00ed v pr\u016fmyslu a logistice","potentialAction":[{"@type":"SearchAction","target":{"@type":"EntryPoint","urlTemplate":"https:\/\/dynfut.tamtomy.cz\/en\/?s={search_term_string}"},"query-input":"required name=search_term_string"}],"inLanguage":"en-US"}]}},"_links":{"self":[{"href":"https:\/\/dynfut.tamtomy.cz\/en\/wp-json\/wp\/v2\/pages\/42"}],"collection":[{"href":"https:\/\/dynfut.tamtomy.cz\/en\/wp-json\/wp\/v2\/pages"}],"about":[{"href":"https:\/\/dynfut.tamtomy.cz\/en\/wp-json\/wp\/v2\/types\/page"}],"author":[{"embeddable":true,"href":"https:\/\/dynfut.tamtomy.cz\/en\/wp-json\/wp\/v2\/users\/2"}],"replies":[{"embeddable":true,"href":"https:\/\/dynfut.tamtomy.cz\/en\/wp-json\/wp\/v2\/comments?post=42"}],"version-history":[{"count":18,"href":"https:\/\/dynfut.tamtomy.cz\/en\/wp-json\/wp\/v2\/pages\/42\/revisions"}],"predecessor-version":[{"id":6396,"href":"https:\/\/dynfut.tamtomy.cz\/en\/wp-json\/wp\/v2\/pages\/42\/revisions\/6396"}],"wp:attachment":[{"href":"https:\/\/dynfut.tamtomy.cz\/en\/wp-json\/wp\/v2\/media?parent=42"}],"curies":[{"name":"wp","href":"https:\/\/api.w.org\/{rel}","templated":true}]}}