{"id":6401,"date":"2019-02-12T15:09:54","date_gmt":"2019-02-12T14:09:54","guid":{"rendered":"https:\/\/dynfut.tamtomy.cz\/?page_id=6401"},"modified":"2024-06-07T09:42:42","modified_gmt":"2024-06-07T08:42:42","slug":"simulation-prediction-and-optimization","status":"publish","type":"page","link":"https:\/\/dynfut.tamtomy.cz\/en\/products-and-services\/simulation-prediction-and-optimization\/","title":{"rendered":"Simulation, prediction and optimization"},"content":{"rendered":"\n<h2 class=\"wp-block-heading\">Product optimization<\/h2>\n\n\n\n<p>Digital twins allow you to evaluate the current performance of the product and test its behavior in different variants and conditions. This allows you to design changes leading to optimal settings without the need for physical prototypes, saving time and cost.<\/p>\n\n\n\n<p>In addition, they make it possible to predict future performance and identify potential problems before they arise. In this way, you can react more quickly and efficiently to market changes and ensure the high quality of your products.<\/p>\n\n\n\n<p>Digital twins of products can use:<\/p>\n\n\n\n<ol>\n<li>Manufacturing companies: Together we optimize production processes and products.<\/li>\n\n\n\n<li>Logistics companies: We will help with efficient planning and management of supply chains.<\/li>\n\n\n\n<li>Developers and designers: We will suggest testing and refining prototypes before production.<\/li>\n\n\n\n<li>Quality managers: We will recommend a way to monitor and ensure product quality.<\/li>\n\n\n\n<li>Development teams: We will ensure faster iterations and new product development.<\/li>\n<\/ol>\n\n\n\n<h2 class=\"wp-block-heading\">Process Optimization<\/h2>\n\n\n\n<p>Process digital twins evaluate how well processes will run and how they can be modified before implementation. Thanks to simulation, you can analyze the reasons for the system&#8217;s behavior and create effective procedures for maximum efficiency.<\/p>\n\n\n\n<p>Digital process twins can use:<\/p>\n\n\n\n<ol>\n<li>Manufacturing plants: We will propose optimization of production lines and processes to increase productivity.<\/li>\n\n\n\n<li>Logistics companies: We will find ways to plan transportation and storage more efficiently.<\/li>\n\n\n\n<li>Service organization: We will improve the management of workflows and resources.<\/li>\n\n\n\n<li>Healthcare facilities: We optimize patient flows and operational processes.<\/li>\n\n\n\n<li>Municipality: We will carry out simulations and optimization of transport and infrastructure projects.<\/li>\n<\/ol>\n\n\n\n<p>Digital twins help manufacturing companies, companies and organizations anticipate problems, improve performance and manage their processes more efficiently.<\/p>\n\n\n\n<figure class=\"wp-block-gallery has-nested-images columns-default is-cropped wp-block-gallery-1 is-layout-flex wp-block-gallery-is-layout-flex\">\n<figure class=\"wp-block-image size-large\"><img loading=\"lazy\" decoding=\"async\" width=\"2666\" height=\"2000\" data-id=\"6532\" src=\"https:\/\/dynfut.tamtomy.cz\/wp-content\/uploads\/2024\/05\/digitalTwins2.png\" alt=\"Simulation, prediction and optimization\" class=\"wp-image-6532\" srcset=\"https:\/\/dynfut.tamtomy.cz\/wp-content\/uploads\/2024\/05\/digitalTwins2.png 2666w, https:\/\/dynfut.tamtomy.cz\/wp-content\/uploads\/2024\/05\/digitalTwins2-150x113.png 150w, https:\/\/dynfut.tamtomy.cz\/wp-content\/uploads\/2024\/05\/digitalTwins2-768x576.png 768w, https:\/\/dynfut.tamtomy.cz\/wp-content\/uploads\/2024\/05\/digitalTwins2-1536x1152.png 1536w, https:\/\/dynfut.tamtomy.cz\/wp-content\/uploads\/2024\/05\/digitalTwins2-2048x1536.png 2048w\" sizes=\"(max-width: 2666px) 100vw, 2666px\" \/><\/figure>\n\n\n\n<figure class=\"wp-block-image size-large\"><img loading=\"lazy\" decoding=\"async\" width=\"1920\" height=\"1600\" data-id=\"6530\" src=\"https:\/\/dynfut.tamtomy.cz\/wp-content\/uploads\/2024\/05\/digitalTwins1.png\" alt=\"Simulation, prediction and optimization\" class=\"wp-image-6530\" srcset=\"https:\/\/dynfut.tamtomy.cz\/wp-content\/uploads\/2024\/05\/digitalTwins1.png 1920w, https:\/\/dynfut.tamtomy.cz\/wp-content\/uploads\/2024\/05\/digitalTwins1-150x125.png 150w, https:\/\/dynfut.tamtomy.cz\/wp-content\/uploads\/2024\/05\/digitalTwins1-768x640.png 768w, https:\/\/dynfut.tamtomy.cz\/wp-content\/uploads\/2024\/05\/digitalTwins1-1536x1280.png 1536w\" sizes=\"(max-width: 1920px) 100vw, 1920px\" \/><\/figure>\n\n\n\n<figure class=\"wp-block-image size-large\"><img loading=\"lazy\" decoding=\"async\" width=\"2666\" height=\"2000\" data-id=\"6528\" src=\"https:\/\/dynfut.tamtomy.cz\/wp-content\/uploads\/2024\/05\/digitalTwins3.png\" alt=\"Simulation, prediction and optimization\" class=\"wp-image-6528\" srcset=\"https:\/\/dynfut.tamtomy.cz\/wp-content\/uploads\/2024\/05\/digitalTwins3.png 2666w, https:\/\/dynfut.tamtomy.cz\/wp-content\/uploads\/2024\/05\/digitalTwins3-150x113.png 150w, https:\/\/dynfut.tamtomy.cz\/wp-content\/uploads\/2024\/05\/digitalTwins3-768x576.png 768w, https:\/\/dynfut.tamtomy.cz\/wp-content\/uploads\/2024\/05\/digitalTwins3-1536x1152.png 1536w, https:\/\/dynfut.tamtomy.cz\/wp-content\/uploads\/2024\/05\/digitalTwins3-2048x1536.png 2048w\" sizes=\"(max-width: 2666px) 100vw, 2666px\" \/><\/figure>\n<\/figure>\n\n\n\n<h2 class=\"wp-block-heading\">What will a digital twin bring you?<\/h2>\n\n\n\n<p>Reduction of time to operation: Digital twins can significantly reduce the time of testing and debugging equipment, which enables faster deployment of new technologies.<\/p>\n\n\n\n<p>Cost reduction: With simulation and analysis in the digital environment, you can identify and correct errors before investing in physical prototypes, saving time and money.<\/p>\n\n\n\n<p>Increased competitiveness: Digital twins enable you to innovate faster, understand your customers better, and provide them with better products and services. All of this contributes to strengthening your market position and increasing your ability to survive and grow.<\/p>\n\n\n\n<p><\/p>\n","protected":false},"excerpt":{"rendered":"<p>Anticipate the effects of the changes you plan to make. Digital twins are suitable for simulation,<br \/>\nprediction and optimization of products and processes even before real investments.<\/p>\n","protected":false},"author":2873,"featured_media":6361,"parent":30,"menu_order":0,"comment_status":"closed","ping_status":"closed","template":"template-service.blade.php","meta":{"footnotes":""},"acf":[],"yoast_head":"<!-- This site is optimized with the Yoast SEO plugin v22.5 - https:\/\/yoast.com\/wordpress\/plugins\/seo\/ -->\n<title>Simulation, prediction and optimization - DYNAMIC FUTURE<\/title>\n<meta name=\"robots\" content=\"noindex, follow, max-snippet:-1, max-image-preview:large, max-video-preview:-1\" \/>\n<meta property=\"og:locale\" content=\"en_US\" \/>\n<meta property=\"og:type\" content=\"article\" \/>\n<meta property=\"og:title\" content=\"Simulation, prediction and optimization - DYNAMIC FUTURE\" \/>\n<meta property=\"og:description\" content=\"Anticipate the effects of the changes you plan to make. Digital twins are suitable for simulation, prediction and optimization of products and processes even before real investments.\" \/>\n<meta property=\"og:url\" content=\"https:\/\/dynfut.tamtomy.cz\/en\/products-and-services\/simulation-prediction-and-optimization\/\" \/>\n<meta property=\"og:site_name\" content=\"DYNAMIC FUTURE\" \/>\n<meta property=\"article:modified_time\" content=\"2024-06-07T08:42:42+00:00\" \/>\n<meta property=\"og:image\" content=\"https:\/\/dynfut.tamtomy.cz\/wp-content\/uploads\/2024\/05\/digitaltwins.webp\" \/>\n\t<meta property=\"og:image:width\" content=\"1792\" \/>\n\t<meta property=\"og:image:height\" content=\"1024\" \/>\n\t<meta property=\"og:image:type\" content=\"image\/webp\" \/>\n<meta name=\"twitter:card\" content=\"summary_large_image\" \/>\n<meta name=\"twitter:label1\" content=\"Est. reading time\" \/>\n\t<meta name=\"twitter:data1\" content=\"3 minutes\" \/>\n<script type=\"application\/ld+json\" class=\"yoast-schema-graph\">{\"@context\":\"https:\/\/schema.org\",\"@graph\":[{\"@type\":\"WebPage\",\"@id\":\"https:\/\/dynfut.tamtomy.cz\/en\/products-and-services\/simulation-prediction-and-optimization\/\",\"url\":\"https:\/\/dynfut.tamtomy.cz\/en\/products-and-services\/simulation-prediction-and-optimization\/\",\"name\":\"Simulation, prediction and optimization - DYNAMIC FUTURE\",\"isPartOf\":{\"@id\":\"https:\/\/dynfut.tamtomy.cz\/en\/#website\"},\"primaryImageOfPage\":{\"@id\":\"https:\/\/dynfut.tamtomy.cz\/en\/products-and-services\/simulation-prediction-and-optimization\/#primaryimage\"},\"image\":{\"@id\":\"https:\/\/dynfut.tamtomy.cz\/en\/products-and-services\/simulation-prediction-and-optimization\/#primaryimage\"},\"thumbnailUrl\":\"https:\/\/dynfut.tamtomy.cz\/wp-content\/uploads\/2024\/05\/digitaltwins.webp\",\"datePublished\":\"2019-02-12T14:09:54+00:00\",\"dateModified\":\"2024-06-07T08:42:42+00:00\",\"breadcrumb\":{\"@id\":\"https:\/\/dynfut.tamtomy.cz\/en\/products-and-services\/simulation-prediction-and-optimization\/#breadcrumb\"},\"inLanguage\":\"en-US\",\"potentialAction\":[{\"@type\":\"ReadAction\",\"target\":[\"https:\/\/dynfut.tamtomy.cz\/en\/products-and-services\/simulation-prediction-and-optimization\/\"]}]},{\"@type\":\"ImageObject\",\"inLanguage\":\"en-US\",\"@id\":\"https:\/\/dynfut.tamtomy.cz\/en\/products-and-services\/simulation-prediction-and-optimization\/#primaryimage\",\"url\":\"https:\/\/dynfut.tamtomy.cz\/wp-content\/uploads\/2024\/05\/digitaltwins.webp\",\"contentUrl\":\"https:\/\/dynfut.tamtomy.cz\/wp-content\/uploads\/2024\/05\/digitaltwins.webp\",\"width\":1792,\"height\":1024},{\"@type\":\"BreadcrumbList\",\"@id\":\"https:\/\/dynfut.tamtomy.cz\/en\/products-and-services\/simulation-prediction-and-optimization\/#breadcrumb\",\"itemListElement\":[{\"@type\":\"ListItem\",\"position\":1,\"name\":\"Home\",\"item\":\"https:\/\/dynfut.tamtomy.cz\/en\/\"},{\"@type\":\"ListItem\",\"position\":2,\"name\":\"Products and services\",\"item\":\"https:\/\/dynfut.tamtomy.cz\/en\/products-and-services\/\"},{\"@type\":\"ListItem\",\"position\":3,\"name\":\"Simulation, prediction and optimization\"}]},{\"@type\":\"WebSite\",\"@id\":\"https:\/\/dynfut.tamtomy.cz\/en\/#website\",\"url\":\"https:\/\/dynfut.tamtomy.cz\/en\/\",\"name\":\"DYNAMIC FUTURE\",\"description\":\"digital twins (digit\u00e1ln\u00ed dvoj\u010data) pro p\u0159esn\u00e9 rozhodov\u00e1n\u00ed v pr\u016fmyslu a logistice\",\"potentialAction\":[{\"@type\":\"SearchAction\",\"target\":{\"@type\":\"EntryPoint\",\"urlTemplate\":\"https:\/\/dynfut.tamtomy.cz\/en\/?s={search_term_string}\"},\"query-input\":\"required name=search_term_string\"}],\"inLanguage\":\"en-US\"}]}<\/script>\n<!-- \/ Yoast SEO plugin. -->","yoast_head_json":{"title":"Simulation, prediction and optimization - DYNAMIC FUTURE","robots":{"index":"noindex","follow":"follow","max-snippet":"max-snippet:-1","max-image-preview":"max-image-preview:large","max-video-preview":"max-video-preview:-1"},"og_locale":"en_US","og_type":"article","og_title":"Simulation, prediction and optimization - DYNAMIC FUTURE","og_description":"Anticipate the effects of the changes you plan to make. Digital twins are suitable for simulation, prediction and optimization of products and processes even before real investments.","og_url":"https:\/\/dynfut.tamtomy.cz\/en\/products-and-services\/simulation-prediction-and-optimization\/","og_site_name":"DYNAMIC FUTURE","article_modified_time":"2024-06-07T08:42:42+00:00","og_image":[{"width":1792,"height":1024,"url":"https:\/\/dynfut.tamtomy.cz\/wp-content\/uploads\/2024\/05\/digitaltwins.webp","type":"image\/webp"}],"twitter_card":"summary_large_image","twitter_misc":{"Est. reading time":"3 minutes"},"schema":{"@context":"https:\/\/schema.org","@graph":[{"@type":"WebPage","@id":"https:\/\/dynfut.tamtomy.cz\/en\/products-and-services\/simulation-prediction-and-optimization\/","url":"https:\/\/dynfut.tamtomy.cz\/en\/products-and-services\/simulation-prediction-and-optimization\/","name":"Simulation, prediction and optimization - DYNAMIC FUTURE","isPartOf":{"@id":"https:\/\/dynfut.tamtomy.cz\/en\/#website"},"primaryImageOfPage":{"@id":"https:\/\/dynfut.tamtomy.cz\/en\/products-and-services\/simulation-prediction-and-optimization\/#primaryimage"},"image":{"@id":"https:\/\/dynfut.tamtomy.cz\/en\/products-and-services\/simulation-prediction-and-optimization\/#primaryimage"},"thumbnailUrl":"https:\/\/dynfut.tamtomy.cz\/wp-content\/uploads\/2024\/05\/digitaltwins.webp","datePublished":"2019-02-12T14:09:54+00:00","dateModified":"2024-06-07T08:42:42+00:00","breadcrumb":{"@id":"https:\/\/dynfut.tamtomy.cz\/en\/products-and-services\/simulation-prediction-and-optimization\/#breadcrumb"},"inLanguage":"en-US","potentialAction":[{"@type":"ReadAction","target":["https:\/\/dynfut.tamtomy.cz\/en\/products-and-services\/simulation-prediction-and-optimization\/"]}]},{"@type":"ImageObject","inLanguage":"en-US","@id":"https:\/\/dynfut.tamtomy.cz\/en\/products-and-services\/simulation-prediction-and-optimization\/#primaryimage","url":"https:\/\/dynfut.tamtomy.cz\/wp-content\/uploads\/2024\/05\/digitaltwins.webp","contentUrl":"https:\/\/dynfut.tamtomy.cz\/wp-content\/uploads\/2024\/05\/digitaltwins.webp","width":1792,"height":1024},{"@type":"BreadcrumbList","@id":"https:\/\/dynfut.tamtomy.cz\/en\/products-and-services\/simulation-prediction-and-optimization\/#breadcrumb","itemListElement":[{"@type":"ListItem","position":1,"name":"Home","item":"https:\/\/dynfut.tamtomy.cz\/en\/"},{"@type":"ListItem","position":2,"name":"Products and services","item":"https:\/\/dynfut.tamtomy.cz\/en\/products-and-services\/"},{"@type":"ListItem","position":3,"name":"Simulation, prediction and optimization"}]},{"@type":"WebSite","@id":"https:\/\/dynfut.tamtomy.cz\/en\/#website","url":"https:\/\/dynfut.tamtomy.cz\/en\/","name":"DYNAMIC FUTURE","description":"digital twins (digit\u00e1ln\u00ed dvoj\u010data) pro p\u0159esn\u00e9 rozhodov\u00e1n\u00ed v pr\u016fmyslu a logistice","potentialAction":[{"@type":"SearchAction","target":{"@type":"EntryPoint","urlTemplate":"https:\/\/dynfut.tamtomy.cz\/en\/?s={search_term_string}"},"query-input":"required name=search_term_string"}],"inLanguage":"en-US"}]}},"_links":{"self":[{"href":"https:\/\/dynfut.tamtomy.cz\/en\/wp-json\/wp\/v2\/pages\/6401"}],"collection":[{"href":"https:\/\/dynfut.tamtomy.cz\/en\/wp-json\/wp\/v2\/pages"}],"about":[{"href":"https:\/\/dynfut.tamtomy.cz\/en\/wp-json\/wp\/v2\/types\/page"}],"author":[{"embeddable":true,"href":"https:\/\/dynfut.tamtomy.cz\/en\/wp-json\/wp\/v2\/users\/2873"}],"replies":[{"embeddable":true,"href":"https:\/\/dynfut.tamtomy.cz\/en\/wp-json\/wp\/v2\/comments?post=6401"}],"version-history":[{"count":8,"href":"https:\/\/dynfut.tamtomy.cz\/en\/wp-json\/wp\/v2\/pages\/6401\/revisions"}],"predecessor-version":[{"id":6671,"href":"https:\/\/dynfut.tamtomy.cz\/en\/wp-json\/wp\/v2\/pages\/6401\/revisions\/6671"}],"up":[{"embeddable":true,"href":"https:\/\/dynfut.tamtomy.cz\/en\/wp-json\/wp\/v2\/pages\/30"}],"wp:featuredmedia":[{"embeddable":true,"href":"https:\/\/dynfut.tamtomy.cz\/en\/wp-json\/wp\/v2\/media\/6361"}],"wp:attachment":[{"href":"https:\/\/dynfut.tamtomy.cz\/en\/wp-json\/wp\/v2\/media?parent=6401"}],"curies":[{"name":"wp","href":"https:\/\/api.w.org\/{rel}","templated":true}]}}