{"id":6406,"date":"2024-04-23T09:37:29","date_gmt":"2024-04-23T08:37:29","guid":{"rendered":"https:\/\/dynfut.tamtomy.cz\/?page_id=6406"},"modified":"2024-06-07T09:57:29","modified_gmt":"2024-06-07T08:57:29","slug":"demand-forecasting-tool","status":"publish","type":"page","link":"https:\/\/dynfut.tamtomy.cz\/en\/products-and-services\/demand-forecasting-tool\/","title":{"rendered":"Demand forecasting tool"},"content":{"rendered":"\n<h2 class=\"wp-block-heading\">Comprehensive data analysis<\/h2>\n\n\n\n<p>With PREWIT (PREdiction WIzard Tool) you have the opportunity to efficiently process and use all your company data. Its algorithms are designed to make the most of the information you have and provide you with relevant and useful results.<\/p>\n\n\n\n<p>Accurate predictions are based on statistical data analysis. Thanks to PREWIT, you only make informed and competent decisions &#8211; you better plan your stocks, production and other operations. The result is maximizing performance and minimizing losses. Accurate predictions allow you to work more efficiently with resources and reduce costs.<\/p>\n\n\n\n<h2 class=\"wp-block-heading\">Who PREWIT will help<\/h2>\n\n\n\n<p>We designed the PREWIT prediction tool to meet the diverse needs of a wide range of industries. From manufacturing companies to retail chains. Its capabilities can be used by any company that needs to accurately plan and optimize its processes:<\/p>\n\n\n\n<ol>\n<li><strong>Manufacturing companies: <\/strong>We will contribute to the optimization of production and supply.<\/li>\n\n\n\n<li><strong>Retail chains:<\/strong> We help with accurate inventory and offer planning.<\/li>\n\n\n\n<li><strong>Logistics companies:<\/strong> We will recommend steps for efficient transport and storage planning.<\/li>\n\n\n\n<li><strong>Financial institutions:<\/strong> We analyze and forecast market trends.<\/li>\n<\/ol>\n\n\n\n<figure class=\"wp-block-gallery has-nested-images columns-default is-cropped wp-block-gallery-1 is-layout-flex wp-block-gallery-is-layout-flex\">\n<figure class=\"wp-block-image size-large\"><a href=\"https:\/\/dynfut.tamtomy.cz\/wp-content\/uploads\/2024\/05\/prewit-new2.png\"><img loading=\"lazy\" decoding=\"async\" width=\"1920\" height=\"1306\" data-id=\"6461\" src=\"https:\/\/dynfut.tamtomy.cz\/wp-content\/uploads\/2024\/05\/prewit-new2.png\" alt=\"Demand forecasting tool\" class=\"wp-image-6461\" srcset=\"https:\/\/dynfut.tamtomy.cz\/wp-content\/uploads\/2024\/05\/prewit-new2.png 1920w, https:\/\/dynfut.tamtomy.cz\/wp-content\/uploads\/2024\/05\/prewit-new2-150x102.png 150w, https:\/\/dynfut.tamtomy.cz\/wp-content\/uploads\/2024\/05\/prewit-new2-768x522.png 768w, https:\/\/dynfut.tamtomy.cz\/wp-content\/uploads\/2024\/05\/prewit-new2-1536x1045.png 1536w\" sizes=\"(max-width: 1920px) 100vw, 1920px\" \/><\/a><\/figure>\n\n\n\n<figure class=\"wp-block-image size-large\"><a href=\"https:\/\/dynfut.tamtomy.cz\/wp-content\/uploads\/2024\/05\/prewit-new1.png\"><img loading=\"lazy\" decoding=\"async\" width=\"2666\" height=\"2000\" data-id=\"6459\" src=\"https:\/\/dynfut.tamtomy.cz\/wp-content\/uploads\/2024\/05\/prewit-new1.png\" alt=\"Demand forecasting tool\" class=\"wp-image-6459\" srcset=\"https:\/\/dynfut.tamtomy.cz\/wp-content\/uploads\/2024\/05\/prewit-new1.png 2666w, https:\/\/dynfut.tamtomy.cz\/wp-content\/uploads\/2024\/05\/prewit-new1-150x113.png 150w, https:\/\/dynfut.tamtomy.cz\/wp-content\/uploads\/2024\/05\/prewit-new1-768x576.png 768w, https:\/\/dynfut.tamtomy.cz\/wp-content\/uploads\/2024\/05\/prewit-new1-1536x1152.png 1536w, https:\/\/dynfut.tamtomy.cz\/wp-content\/uploads\/2024\/05\/prewit-new1-2048x1536.png 2048w\" sizes=\"(max-width: 2666px) 100vw, 2666px\" \/><\/a><\/figure>\n\n\n\n<figure class=\"wp-block-image size-large\"><a href=\"https:\/\/dynfut.tamtomy.cz\/wp-content\/uploads\/2024\/05\/prewit-mockup3.png\"><img loading=\"lazy\" decoding=\"async\" width=\"1920\" height=\"1280\" data-id=\"6454\" src=\"https:\/\/dynfut.tamtomy.cz\/wp-content\/uploads\/2024\/05\/prewit-mockup3.png\" alt=\"Demand forecasting tool\" class=\"wp-image-6454\" srcset=\"https:\/\/dynfut.tamtomy.cz\/wp-content\/uploads\/2024\/05\/prewit-mockup3.png 1920w, https:\/\/dynfut.tamtomy.cz\/wp-content\/uploads\/2024\/05\/prewit-mockup3-150x100.png 150w, https:\/\/dynfut.tamtomy.cz\/wp-content\/uploads\/2024\/05\/prewit-mockup3-768x512.png 768w, https:\/\/dynfut.tamtomy.cz\/wp-content\/uploads\/2024\/05\/prewit-mockup3-1536x1024.png 1536w\" sizes=\"(max-width: 1920px) 100vw, 1920px\" \/><\/a><\/figure>\n<\/figure>\n\n\n\n<h2 class=\"wp-block-heading\">Why bet on PREWIT?<\/h2>\n\n\n\n<p>Fast implementation: With a user-friendly interface and simple operation, PREWIT can be easily integrated into your company infrastructure. Implementation is fast and seamless, allowing you to start reaping its benefits immediately.<\/p>\n\n\n\n<p>Stability and reliability: PREWIT is built on strong foundations and can withstand even the biggest shocks on the market. Its ability to provide stable and reliable results has been verified in the most demanding situations, giving you the confidence you need to make your decision.<\/p>\n\n\n\n<p>Continuous development and innovation: DYNAMIC FUTURE is constantly working to improve and improve the PREWIT tool. This means that you are guaranteed that your tool will always be up to date and ready to respond to new challenges and changes in the market.<\/p>\n\n\n\n<p>Efficient use of resources and costs: Thanks to the accurate predictions and analyzes that PREWIT provides, you can plan your inventory, production and other operations more efficiently. This allows you to maximize performance and minimize losses, resulting in better use of your resources and lower costs.<\/p>\n\n\n\n<p><\/p>\n","protected":false},"excerpt":{"rendered":"<p>Use a tool working with statistical data analysis. It provides relevant results that allow you to make competent decisions.<\/p>\n","protected":false},"author":2873,"featured_media":6365,"parent":30,"menu_order":0,"comment_status":"closed","ping_status":"closed","template":"template-service.blade.php","meta":{"footnotes":""},"acf":[],"yoast_head":"<!-- This site is optimized with the Yoast SEO plugin v22.5 - https:\/\/yoast.com\/wordpress\/plugins\/seo\/ -->\n<title>Demand forecasting tool - DYNAMIC FUTURE<\/title>\n<meta name=\"robots\" content=\"noindex, follow, max-snippet:-1, max-image-preview:large, max-video-preview:-1\" \/>\n<meta property=\"og:locale\" content=\"en_US\" \/>\n<meta property=\"og:type\" content=\"article\" \/>\n<meta property=\"og:title\" content=\"Demand forecasting tool - DYNAMIC FUTURE\" \/>\n<meta property=\"og:description\" content=\"Use a tool working with statistical data analysis. It provides relevant results that allow you to make competent decisions.\" \/>\n<meta property=\"og:url\" content=\"https:\/\/dynfut.tamtomy.cz\/en\/products-and-services\/demand-forecasting-tool\/\" \/>\n<meta property=\"og:site_name\" content=\"DYNAMIC FUTURE\" \/>\n<meta property=\"article:modified_time\" content=\"2024-06-07T08:57:29+00:00\" \/>\n<meta property=\"og:image\" content=\"https:\/\/dynfut.tamtomy.cz\/wp-content\/uploads\/2024\/05\/prewit.webp\" \/>\n\t<meta property=\"og:image:width\" content=\"1792\" \/>\n\t<meta property=\"og:image:height\" content=\"1024\" \/>\n\t<meta property=\"og:image:type\" content=\"image\/webp\" \/>\n<meta name=\"twitter:card\" content=\"summary_large_image\" \/>\n<meta name=\"twitter:label1\" content=\"Est. reading time\" \/>\n\t<meta name=\"twitter:data1\" content=\"3 minutes\" \/>\n<script type=\"application\/ld+json\" class=\"yoast-schema-graph\">{\"@context\":\"https:\/\/schema.org\",\"@graph\":[{\"@type\":\"WebPage\",\"@id\":\"https:\/\/dynfut.tamtomy.cz\/en\/products-and-services\/demand-forecasting-tool\/\",\"url\":\"https:\/\/dynfut.tamtomy.cz\/en\/products-and-services\/demand-forecasting-tool\/\",\"name\":\"Demand forecasting tool - DYNAMIC FUTURE\",\"isPartOf\":{\"@id\":\"https:\/\/dynfut.tamtomy.cz\/en\/#website\"},\"primaryImageOfPage\":{\"@id\":\"https:\/\/dynfut.tamtomy.cz\/en\/products-and-services\/demand-forecasting-tool\/#primaryimage\"},\"image\":{\"@id\":\"https:\/\/dynfut.tamtomy.cz\/en\/products-and-services\/demand-forecasting-tool\/#primaryimage\"},\"thumbnailUrl\":\"https:\/\/dynfut.tamtomy.cz\/wp-content\/uploads\/2024\/05\/prewit.webp\",\"datePublished\":\"2024-04-23T08:37:29+00:00\",\"dateModified\":\"2024-06-07T08:57:29+00:00\",\"breadcrumb\":{\"@id\":\"https:\/\/dynfut.tamtomy.cz\/en\/products-and-services\/demand-forecasting-tool\/#breadcrumb\"},\"inLanguage\":\"en-US\",\"potentialAction\":[{\"@type\":\"ReadAction\",\"target\":[\"https:\/\/dynfut.tamtomy.cz\/en\/products-and-services\/demand-forecasting-tool\/\"]}]},{\"@type\":\"ImageObject\",\"inLanguage\":\"en-US\",\"@id\":\"https:\/\/dynfut.tamtomy.cz\/en\/products-and-services\/demand-forecasting-tool\/#primaryimage\",\"url\":\"https:\/\/dynfut.tamtomy.cz\/wp-content\/uploads\/2024\/05\/prewit.webp\",\"contentUrl\":\"https:\/\/dynfut.tamtomy.cz\/wp-content\/uploads\/2024\/05\/prewit.webp\",\"width\":1792,\"height\":1024},{\"@type\":\"BreadcrumbList\",\"@id\":\"https:\/\/dynfut.tamtomy.cz\/en\/products-and-services\/demand-forecasting-tool\/#breadcrumb\",\"itemListElement\":[{\"@type\":\"ListItem\",\"position\":1,\"name\":\"Home\",\"item\":\"https:\/\/dynfut.tamtomy.cz\/en\/\"},{\"@type\":\"ListItem\",\"position\":2,\"name\":\"Products and services\",\"item\":\"https:\/\/dynfut.tamtomy.cz\/en\/products-and-services\/\"},{\"@type\":\"ListItem\",\"position\":3,\"name\":\"Demand forecasting tool\"}]},{\"@type\":\"WebSite\",\"@id\":\"https:\/\/dynfut.tamtomy.cz\/en\/#website\",\"url\":\"https:\/\/dynfut.tamtomy.cz\/en\/\",\"name\":\"DYNAMIC FUTURE\",\"description\":\"digital twins (digit\u00e1ln\u00ed dvoj\u010data) pro p\u0159esn\u00e9 rozhodov\u00e1n\u00ed v pr\u016fmyslu a logistice\",\"potentialAction\":[{\"@type\":\"SearchAction\",\"target\":{\"@type\":\"EntryPoint\",\"urlTemplate\":\"https:\/\/dynfut.tamtomy.cz\/en\/?s={search_term_string}\"},\"query-input\":\"required name=search_term_string\"}],\"inLanguage\":\"en-US\"}]}<\/script>\n<!-- \/ Yoast SEO plugin. -->","yoast_head_json":{"title":"Demand forecasting tool - DYNAMIC FUTURE","robots":{"index":"noindex","follow":"follow","max-snippet":"max-snippet:-1","max-image-preview":"max-image-preview:large","max-video-preview":"max-video-preview:-1"},"og_locale":"en_US","og_type":"article","og_title":"Demand forecasting tool - DYNAMIC FUTURE","og_description":"Use a tool working with statistical data analysis. It provides relevant results that allow you to make competent decisions.","og_url":"https:\/\/dynfut.tamtomy.cz\/en\/products-and-services\/demand-forecasting-tool\/","og_site_name":"DYNAMIC FUTURE","article_modified_time":"2024-06-07T08:57:29+00:00","og_image":[{"width":1792,"height":1024,"url":"https:\/\/dynfut.tamtomy.cz\/wp-content\/uploads\/2024\/05\/prewit.webp","type":"image\/webp"}],"twitter_card":"summary_large_image","twitter_misc":{"Est. reading time":"3 minutes"},"schema":{"@context":"https:\/\/schema.org","@graph":[{"@type":"WebPage","@id":"https:\/\/dynfut.tamtomy.cz\/en\/products-and-services\/demand-forecasting-tool\/","url":"https:\/\/dynfut.tamtomy.cz\/en\/products-and-services\/demand-forecasting-tool\/","name":"Demand forecasting tool - DYNAMIC FUTURE","isPartOf":{"@id":"https:\/\/dynfut.tamtomy.cz\/en\/#website"},"primaryImageOfPage":{"@id":"https:\/\/dynfut.tamtomy.cz\/en\/products-and-services\/demand-forecasting-tool\/#primaryimage"},"image":{"@id":"https:\/\/dynfut.tamtomy.cz\/en\/products-and-services\/demand-forecasting-tool\/#primaryimage"},"thumbnailUrl":"https:\/\/dynfut.tamtomy.cz\/wp-content\/uploads\/2024\/05\/prewit.webp","datePublished":"2024-04-23T08:37:29+00:00","dateModified":"2024-06-07T08:57:29+00:00","breadcrumb":{"@id":"https:\/\/dynfut.tamtomy.cz\/en\/products-and-services\/demand-forecasting-tool\/#breadcrumb"},"inLanguage":"en-US","potentialAction":[{"@type":"ReadAction","target":["https:\/\/dynfut.tamtomy.cz\/en\/products-and-services\/demand-forecasting-tool\/"]}]},{"@type":"ImageObject","inLanguage":"en-US","@id":"https:\/\/dynfut.tamtomy.cz\/en\/products-and-services\/demand-forecasting-tool\/#primaryimage","url":"https:\/\/dynfut.tamtomy.cz\/wp-content\/uploads\/2024\/05\/prewit.webp","contentUrl":"https:\/\/dynfut.tamtomy.cz\/wp-content\/uploads\/2024\/05\/prewit.webp","width":1792,"height":1024},{"@type":"BreadcrumbList","@id":"https:\/\/dynfut.tamtomy.cz\/en\/products-and-services\/demand-forecasting-tool\/#breadcrumb","itemListElement":[{"@type":"ListItem","position":1,"name":"Home","item":"https:\/\/dynfut.tamtomy.cz\/en\/"},{"@type":"ListItem","position":2,"name":"Products and services","item":"https:\/\/dynfut.tamtomy.cz\/en\/products-and-services\/"},{"@type":"ListItem","position":3,"name":"Demand forecasting tool"}]},{"@type":"WebSite","@id":"https:\/\/dynfut.tamtomy.cz\/en\/#website","url":"https:\/\/dynfut.tamtomy.cz\/en\/","name":"DYNAMIC FUTURE","description":"digital twins (digit\u00e1ln\u00ed dvoj\u010data) pro p\u0159esn\u00e9 rozhodov\u00e1n\u00ed v pr\u016fmyslu a logistice","potentialAction":[{"@type":"SearchAction","target":{"@type":"EntryPoint","urlTemplate":"https:\/\/dynfut.tamtomy.cz\/en\/?s={search_term_string}"},"query-input":"required name=search_term_string"}],"inLanguage":"en-US"}]}},"_links":{"self":[{"href":"https:\/\/dynfut.tamtomy.cz\/en\/wp-json\/wp\/v2\/pages\/6406"}],"collection":[{"href":"https:\/\/dynfut.tamtomy.cz\/en\/wp-json\/wp\/v2\/pages"}],"about":[{"href":"https:\/\/dynfut.tamtomy.cz\/en\/wp-json\/wp\/v2\/types\/page"}],"author":[{"embeddable":true,"href":"https:\/\/dynfut.tamtomy.cz\/en\/wp-json\/wp\/v2\/users\/2873"}],"replies":[{"embeddable":true,"href":"https:\/\/dynfut.tamtomy.cz\/en\/wp-json\/wp\/v2\/comments?post=6406"}],"version-history":[{"count":4,"href":"https:\/\/dynfut.tamtomy.cz\/en\/wp-json\/wp\/v2\/pages\/6406\/revisions"}],"predecessor-version":[{"id":6679,"href":"https:\/\/dynfut.tamtomy.cz\/en\/wp-json\/wp\/v2\/pages\/6406\/revisions\/6679"}],"up":[{"embeddable":true,"href":"https:\/\/dynfut.tamtomy.cz\/en\/wp-json\/wp\/v2\/pages\/30"}],"wp:featuredmedia":[{"embeddable":true,"href":"https:\/\/dynfut.tamtomy.cz\/en\/wp-json\/wp\/v2\/media\/6365"}],"wp:attachment":[{"href":"https:\/\/dynfut.tamtomy.cz\/en\/wp-json\/wp\/v2\/media?parent=6406"}],"curies":[{"name":"wp","href":"https:\/\/api.w.org\/{rel}","templated":true}]}}