{"id":6415,"date":"2015-10-08T16:31:49","date_gmt":"2015-10-08T15:31:49","guid":{"rendered":"https:\/\/dynfut.tamtomy.cz\/?page_id=6415"},"modified":"2024-06-07T09:51:14","modified_gmt":"2024-06-07T08:51:14","slug":"consulting-in-logistics","status":"publish","type":"page","link":"https:\/\/dynfut.tamtomy.cz\/en\/products-and-services\/consulting-in-logistics\/","title":{"rendered":"Consulting in logistics"},"content":{"rendered":"\n<p>Consulting in logistics includes professional services aimed at optimizing logistics processes, increasing efficiency and reducing costs within the supply chain. Provides analysis, suggestions for improvement and implementation of innovative solutions.<\/p>\n\n\n\n<p>We provide consulting services:<\/p>\n\n\n\n<ol>\n<li><strong>For companies: <\/strong>We help improve logistics operations and competitiveness.<\/li>\n\n\n\n<li><strong>For logistics managers: <\/strong>We offer professional guidance and strategies for optimizing processes.<\/li>\n\n\n\n<li><strong>To manufacturing and distribution companies:<\/strong> We propose steps for the smooth and efficient functioning of the supply chain.<\/li>\n<\/ol>\n\n\n\n<h2 class=\"wp-block-heading\">Logistics audit<\/h2>\n\n\n\n<p>Thanks to a logistics audit, we will reveal bottlenecks, optimize processes and capacity, increase logistics performance and your competitiveness. The audit provides an overview of the current state of logistics operations and offers suggestions for improvement. It is useful for businesses looking to increase efficiency and reduce costs, and for logistics managers looking for ways to improve their processes.<\/p>\n\n\n\n<p>We usually carry out a logistics audit in the following steps:<\/p>\n\n\n\n<ol>\n<li>Introductory meeting: Together we will set the objectives of the audit and familiarize ourselves with the logistics processes.<\/li>\n\n\n\n<li>Data collection: Collection of data on current processes, performance and costs.<\/li>\n\n\n\n<li>Data analysis: We evaluate the effectiveness of processes and identify problem areas.<\/li>\n\n\n\n<li>Suggested measures: We will recommend optimization and improvement of processes.<\/li>\n\n\n\n<li>Implementation: We will help in implementing the suggested changes.<\/li>\n\n\n\n<li>Monitoring and evaluation: We continuously monitor the effectiveness of the implemented measures and adjust them as necessary.<\/li>\n<\/ol>\n\n\n\n<p>Logistics consulting may include the implementation of demand forecasting and supply planning tools. This allows companies to better adapt their inventory and distribution channels to current ones<\/p>\n\n\n\n<figure class=\"wp-block-gallery has-nested-images columns-default is-cropped wp-block-gallery-1 is-layout-flex wp-block-gallery-is-layout-flex\">\n<figure class=\"wp-block-image size-large\"><img loading=\"lazy\" decoding=\"async\" width=\"2048\" height=\"1366\" data-id=\"6484\" src=\"https:\/\/dynfut.tamtomy.cz\/wp-content\/uploads\/2024\/05\/5.jpg\" alt=\"Consulting in logistics\" class=\"wp-image-6484\" srcset=\"https:\/\/dynfut.tamtomy.cz\/wp-content\/uploads\/2024\/05\/5.jpg 2048w, https:\/\/dynfut.tamtomy.cz\/wp-content\/uploads\/2024\/05\/5-150x100.jpg 150w, https:\/\/dynfut.tamtomy.cz\/wp-content\/uploads\/2024\/05\/5-768x512.jpg 768w, https:\/\/dynfut.tamtomy.cz\/wp-content\/uploads\/2024\/05\/5-1536x1025.jpg 1536w\" sizes=\"(max-width: 2048px) 100vw, 2048px\" \/><\/figure>\n\n\n\n<figure class=\"wp-block-image size-large\"><img loading=\"lazy\" decoding=\"async\" width=\"2048\" height=\"1366\" data-id=\"6480\" src=\"https:\/\/dynfut.tamtomy.cz\/wp-content\/uploads\/2024\/05\/3.jpg\" alt=\"Consulting in logistics\" class=\"wp-image-6480\" srcset=\"https:\/\/dynfut.tamtomy.cz\/wp-content\/uploads\/2024\/05\/3.jpg 2048w, https:\/\/dynfut.tamtomy.cz\/wp-content\/uploads\/2024\/05\/3-150x100.jpg 150w, https:\/\/dynfut.tamtomy.cz\/wp-content\/uploads\/2024\/05\/3-768x512.jpg 768w, https:\/\/dynfut.tamtomy.cz\/wp-content\/uploads\/2024\/05\/3-1536x1025.jpg 1536w\" sizes=\"(max-width: 2048px) 100vw, 2048px\" \/><\/figure>\n\n\n\n<figure class=\"wp-block-image size-large\"><img loading=\"lazy\" decoding=\"async\" width=\"2048\" height=\"1366\" data-id=\"6476\" src=\"https:\/\/dynfut.tamtomy.cz\/wp-content\/uploads\/2024\/05\/1.jpg\" alt=\"Consulting in logistics\" class=\"wp-image-6476\" srcset=\"https:\/\/dynfut.tamtomy.cz\/wp-content\/uploads\/2024\/05\/1.jpg 2048w, https:\/\/dynfut.tamtomy.cz\/wp-content\/uploads\/2024\/05\/1-150x100.jpg 150w, https:\/\/dynfut.tamtomy.cz\/wp-content\/uploads\/2024\/05\/1-768x512.jpg 768w, https:\/\/dynfut.tamtomy.cz\/wp-content\/uploads\/2024\/05\/1-1536x1025.jpg 1536w\" sizes=\"(max-width: 2048px) 100vw, 2048px\" \/><\/figure>\n<\/figure>\n\n\n\n<h2 class=\"wp-block-heading\">What will a logistics audit bring you?<\/h2>\n\n\n\n<p><strong>A detailed view of processes and their connections:<\/strong> We will reveal weaknesses and inefficiencies in your logistics chain, together with you and your team, we will identify areas for improvement and provide specific recommendations to increase performance.<\/p>\n\n\n\n<p><strong>More efficient processes:<\/strong> We will help identify and eliminate unnecessary steps and delays in the supply chain, which will contribute to securing goods faster and cheaper.<\/p>\n\n\n\n<p><strong>Cost reduction: <\/strong>Thanks to simulation and analysis, we find opportunities for savings and optimization in logistics processes, thus you can reduce the costs of storage, transportation and handling of goods.<\/p>\n\n\n\n<p><strong>Increased flexibility: <\/strong>Thanks to a logistics audit, you can better respond to changes in the market and change your strategies and plans according to current conditions, thereby increasing your competitiveness and resilience.<\/p>\n","protected":false},"excerpt":{"rendered":"<p>Bet on logistics audit as one of the key elements of supply chain management. We have our own methodology, which is based on a wide range of tools and many years of experience.<\/p>\n","protected":false},"author":2873,"featured_media":6363,"parent":30,"menu_order":1,"comment_status":"closed","ping_status":"closed","template":"template-service.blade.php","meta":{"footnotes":""},"acf":[],"yoast_head":"<!-- This site is optimized with the Yoast SEO plugin v22.5 - https:\/\/yoast.com\/wordpress\/plugins\/seo\/ -->\n<title>Consulting in logistics - DYNAMIC FUTURE<\/title>\n<meta name=\"robots\" content=\"noindex, follow, max-snippet:-1, max-image-preview:large, max-video-preview:-1\" \/>\n<meta property=\"og:locale\" content=\"en_US\" \/>\n<meta property=\"og:type\" content=\"article\" \/>\n<meta property=\"og:title\" content=\"Consulting in logistics - DYNAMIC FUTURE\" \/>\n<meta property=\"og:description\" content=\"Bet on logistics audit as one of the key elements of supply chain management. We have our own methodology, which is based on a wide range of tools and many years of experience.\" \/>\n<meta property=\"og:url\" content=\"https:\/\/dynfut.tamtomy.cz\/en\/products-and-services\/consulting-in-logistics\/\" \/>\n<meta property=\"og:site_name\" content=\"DYNAMIC FUTURE\" \/>\n<meta property=\"article:modified_time\" content=\"2024-06-07T08:51:14+00:00\" \/>\n<meta property=\"og:image\" content=\"https:\/\/dynfut.tamtomy.cz\/wp-content\/uploads\/2024\/05\/logistics40.webp\" \/>\n\t<meta property=\"og:image:width\" content=\"1792\" \/>\n\t<meta property=\"og:image:height\" content=\"1024\" \/>\n\t<meta property=\"og:image:type\" content=\"image\/webp\" \/>\n<meta name=\"twitter:card\" content=\"summary_large_image\" \/>\n<meta name=\"twitter:label1\" content=\"Est. reading time\" \/>\n\t<meta name=\"twitter:data1\" content=\"3 minutes\" \/>\n<script type=\"application\/ld+json\" class=\"yoast-schema-graph\">{\"@context\":\"https:\/\/schema.org\",\"@graph\":[{\"@type\":\"WebPage\",\"@id\":\"https:\/\/dynfut.tamtomy.cz\/en\/products-and-services\/consulting-in-logistics\/\",\"url\":\"https:\/\/dynfut.tamtomy.cz\/en\/products-and-services\/consulting-in-logistics\/\",\"name\":\"Consulting in logistics - DYNAMIC FUTURE\",\"isPartOf\":{\"@id\":\"https:\/\/dynfut.tamtomy.cz\/en\/#website\"},\"primaryImageOfPage\":{\"@id\":\"https:\/\/dynfut.tamtomy.cz\/en\/products-and-services\/consulting-in-logistics\/#primaryimage\"},\"image\":{\"@id\":\"https:\/\/dynfut.tamtomy.cz\/en\/products-and-services\/consulting-in-logistics\/#primaryimage\"},\"thumbnailUrl\":\"https:\/\/dynfut.tamtomy.cz\/wp-content\/uploads\/2024\/05\/logistics40.webp\",\"datePublished\":\"2015-10-08T15:31:49+00:00\",\"dateModified\":\"2024-06-07T08:51:14+00:00\",\"breadcrumb\":{\"@id\":\"https:\/\/dynfut.tamtomy.cz\/en\/products-and-services\/consulting-in-logistics\/#breadcrumb\"},\"inLanguage\":\"en-US\",\"potentialAction\":[{\"@type\":\"ReadAction\",\"target\":[\"https:\/\/dynfut.tamtomy.cz\/en\/products-and-services\/consulting-in-logistics\/\"]}]},{\"@type\":\"ImageObject\",\"inLanguage\":\"en-US\",\"@id\":\"https:\/\/dynfut.tamtomy.cz\/en\/products-and-services\/consulting-in-logistics\/#primaryimage\",\"url\":\"https:\/\/dynfut.tamtomy.cz\/wp-content\/uploads\/2024\/05\/logistics40.webp\",\"contentUrl\":\"https:\/\/dynfut.tamtomy.cz\/wp-content\/uploads\/2024\/05\/logistics40.webp\",\"width\":1792,\"height\":1024},{\"@type\":\"BreadcrumbList\",\"@id\":\"https:\/\/dynfut.tamtomy.cz\/en\/products-and-services\/consulting-in-logistics\/#breadcrumb\",\"itemListElement\":[{\"@type\":\"ListItem\",\"position\":1,\"name\":\"Home\",\"item\":\"https:\/\/dynfut.tamtomy.cz\/en\/\"},{\"@type\":\"ListItem\",\"position\":2,\"name\":\"Products and services\",\"item\":\"https:\/\/dynfut.tamtomy.cz\/en\/products-and-services\/\"},{\"@type\":\"ListItem\",\"position\":3,\"name\":\"Consulting in logistics\"}]},{\"@type\":\"WebSite\",\"@id\":\"https:\/\/dynfut.tamtomy.cz\/en\/#website\",\"url\":\"https:\/\/dynfut.tamtomy.cz\/en\/\",\"name\":\"DYNAMIC FUTURE\",\"description\":\"digital twins (digit\u00e1ln\u00ed dvoj\u010data) pro p\u0159esn\u00e9 rozhodov\u00e1n\u00ed v pr\u016fmyslu a logistice\",\"potentialAction\":[{\"@type\":\"SearchAction\",\"target\":{\"@type\":\"EntryPoint\",\"urlTemplate\":\"https:\/\/dynfut.tamtomy.cz\/en\/?s={search_term_string}\"},\"query-input\":\"required name=search_term_string\"}],\"inLanguage\":\"en-US\"}]}<\/script>\n<!-- \/ Yoast SEO plugin. -->","yoast_head_json":{"title":"Consulting in logistics - DYNAMIC FUTURE","robots":{"index":"noindex","follow":"follow","max-snippet":"max-snippet:-1","max-image-preview":"max-image-preview:large","max-video-preview":"max-video-preview:-1"},"og_locale":"en_US","og_type":"article","og_title":"Consulting in logistics - DYNAMIC FUTURE","og_description":"Bet on logistics audit as one of the key elements of supply chain management. We have our own methodology, which is based on a wide range of tools and many years of experience.","og_url":"https:\/\/dynfut.tamtomy.cz\/en\/products-and-services\/consulting-in-logistics\/","og_site_name":"DYNAMIC FUTURE","article_modified_time":"2024-06-07T08:51:14+00:00","og_image":[{"width":1792,"height":1024,"url":"https:\/\/dynfut.tamtomy.cz\/wp-content\/uploads\/2024\/05\/logistics40.webp","type":"image\/webp"}],"twitter_card":"summary_large_image","twitter_misc":{"Est. reading time":"3 minutes"},"schema":{"@context":"https:\/\/schema.org","@graph":[{"@type":"WebPage","@id":"https:\/\/dynfut.tamtomy.cz\/en\/products-and-services\/consulting-in-logistics\/","url":"https:\/\/dynfut.tamtomy.cz\/en\/products-and-services\/consulting-in-logistics\/","name":"Consulting in logistics - DYNAMIC FUTURE","isPartOf":{"@id":"https:\/\/dynfut.tamtomy.cz\/en\/#website"},"primaryImageOfPage":{"@id":"https:\/\/dynfut.tamtomy.cz\/en\/products-and-services\/consulting-in-logistics\/#primaryimage"},"image":{"@id":"https:\/\/dynfut.tamtomy.cz\/en\/products-and-services\/consulting-in-logistics\/#primaryimage"},"thumbnailUrl":"https:\/\/dynfut.tamtomy.cz\/wp-content\/uploads\/2024\/05\/logistics40.webp","datePublished":"2015-10-08T15:31:49+00:00","dateModified":"2024-06-07T08:51:14+00:00","breadcrumb":{"@id":"https:\/\/dynfut.tamtomy.cz\/en\/products-and-services\/consulting-in-logistics\/#breadcrumb"},"inLanguage":"en-US","potentialAction":[{"@type":"ReadAction","target":["https:\/\/dynfut.tamtomy.cz\/en\/products-and-services\/consulting-in-logistics\/"]}]},{"@type":"ImageObject","inLanguage":"en-US","@id":"https:\/\/dynfut.tamtomy.cz\/en\/products-and-services\/consulting-in-logistics\/#primaryimage","url":"https:\/\/dynfut.tamtomy.cz\/wp-content\/uploads\/2024\/05\/logistics40.webp","contentUrl":"https:\/\/dynfut.tamtomy.cz\/wp-content\/uploads\/2024\/05\/logistics40.webp","width":1792,"height":1024},{"@type":"BreadcrumbList","@id":"https:\/\/dynfut.tamtomy.cz\/en\/products-and-services\/consulting-in-logistics\/#breadcrumb","itemListElement":[{"@type":"ListItem","position":1,"name":"Home","item":"https:\/\/dynfut.tamtomy.cz\/en\/"},{"@type":"ListItem","position":2,"name":"Products and services","item":"https:\/\/dynfut.tamtomy.cz\/en\/products-and-services\/"},{"@type":"ListItem","position":3,"name":"Consulting in logistics"}]},{"@type":"WebSite","@id":"https:\/\/dynfut.tamtomy.cz\/en\/#website","url":"https:\/\/dynfut.tamtomy.cz\/en\/","name":"DYNAMIC FUTURE","description":"digital twins (digit\u00e1ln\u00ed dvoj\u010data) pro p\u0159esn\u00e9 rozhodov\u00e1n\u00ed v pr\u016fmyslu a logistice","potentialAction":[{"@type":"SearchAction","target":{"@type":"EntryPoint","urlTemplate":"https:\/\/dynfut.tamtomy.cz\/en\/?s={search_term_string}"},"query-input":"required name=search_term_string"}],"inLanguage":"en-US"}]}},"_links":{"self":[{"href":"https:\/\/dynfut.tamtomy.cz\/en\/wp-json\/wp\/v2\/pages\/6415"}],"collection":[{"href":"https:\/\/dynfut.tamtomy.cz\/en\/wp-json\/wp\/v2\/pages"}],"about":[{"href":"https:\/\/dynfut.tamtomy.cz\/en\/wp-json\/wp\/v2\/types\/page"}],"author":[{"embeddable":true,"href":"https:\/\/dynfut.tamtomy.cz\/en\/wp-json\/wp\/v2\/users\/2873"}],"replies":[{"embeddable":true,"href":"https:\/\/dynfut.tamtomy.cz\/en\/wp-json\/wp\/v2\/comments?post=6415"}],"version-history":[{"count":5,"href":"https:\/\/dynfut.tamtomy.cz\/en\/wp-json\/wp\/v2\/pages\/6415\/revisions"}],"predecessor-version":[{"id":6676,"href":"https:\/\/dynfut.tamtomy.cz\/en\/wp-json\/wp\/v2\/pages\/6415\/revisions\/6676"}],"up":[{"embeddable":true,"href":"https:\/\/dynfut.tamtomy.cz\/en\/wp-json\/wp\/v2\/pages\/30"}],"wp:featuredmedia":[{"embeddable":true,"href":"https:\/\/dynfut.tamtomy.cz\/en\/wp-json\/wp\/v2\/media\/6363"}],"wp:attachment":[{"href":"https:\/\/dynfut.tamtomy.cz\/en\/wp-json\/wp\/v2\/media?parent=6415"}],"curies":[{"name":"wp","href":"https:\/\/api.w.org\/{rel}","templated":true}]}}