{"id":9,"date":"2015-10-07T11:43:29","date_gmt":"2015-10-07T10:43:29","guid":{"rendered":"http:\/\/dharma.cz\/dynamic\/?page_id=9"},"modified":"2024-06-07T09:35:56","modified_gmt":"2024-06-07T08:35:56","slug":"en","status":"publish","type":"page","link":"https:\/\/dynfut.tamtomy.cz\/en\/","title":{"rendered":"Logistics and optimization of business processes"},"content":{"rendered":"","protected":false},"excerpt":{"rendered":"","protected":false},"author":2,"featured_media":6467,"parent":0,"menu_order":-1,"comment_status":"closed","ping_status":"closed","template":"","meta":{"footnotes":""},"acf":[],"yoast_head":"<!-- This site is optimized with the Yoast SEO plugin v22.5 - https:\/\/yoast.com\/wordpress\/plugins\/seo\/ -->\n<title>Logistics and optimization of business processes - DYNAMIC FUTURE<\/title>\n<meta name=\"robots\" content=\"noindex, follow, max-snippet:-1, max-image-preview:large, max-video-preview:-1\" \/>\n<meta property=\"og:locale\" content=\"en_US\" \/>\n<meta property=\"og:type\" content=\"article\" \/>\n<meta property=\"og:title\" content=\"Logistics and optimization of business processes - DYNAMIC FUTURE\" \/>\n<meta property=\"og:url\" content=\"https:\/\/dynfut.tamtomy.cz\/en\/\" \/>\n<meta property=\"og:site_name\" content=\"DYNAMIC FUTURE\" \/>\n<meta property=\"article:modified_time\" content=\"2024-06-07T08:35:56+00:00\" \/>\n<meta property=\"og:image\" content=\"https:\/\/dynfut.tamtomy.cz\/wp-content\/uploads\/2024\/05\/main-pic.jpeg\" \/>\n\t<meta property=\"og:image:width\" content=\"1920\" \/>\n\t<meta property=\"og:image:height\" content=\"1030\" \/>\n\t<meta property=\"og:image:type\" content=\"image\/jpeg\" \/>\n<meta name=\"twitter:card\" content=\"summary_large_image\" \/>\n<meta name=\"twitter:label1\" content=\"Est. reading time\" \/>\n\t<meta name=\"twitter:data1\" content=\"1 minute\" \/>\n<script type=\"application\/ld+json\" class=\"yoast-schema-graph\">{\"@context\":\"https:\/\/schema.org\",\"@graph\":[{\"@type\":\"WebPage\",\"@id\":\"https:\/\/dynfut.tamtomy.cz\/en\/\",\"url\":\"https:\/\/dynfut.tamtomy.cz\/en\/\",\"name\":\"Logistics and optimization of business processes - DYNAMIC FUTURE\",\"isPartOf\":{\"@id\":\"https:\/\/dynfut.tamtomy.cz\/en\/#website\"},\"primaryImageOfPage\":{\"@id\":\"https:\/\/dynfut.tamtomy.cz\/en\/#primaryimage\"},\"image\":{\"@id\":\"https:\/\/dynfut.tamtomy.cz\/en\/#primaryimage\"},\"thumbnailUrl\":\"https:\/\/dynfut.tamtomy.cz\/wp-content\/uploads\/2024\/05\/main-pic.jpeg\",\"datePublished\":\"2015-10-07T10:43:29+00:00\",\"dateModified\":\"2024-06-07T08:35:56+00:00\",\"breadcrumb\":{\"@id\":\"https:\/\/dynfut.tamtomy.cz\/en\/#breadcrumb\"},\"inLanguage\":\"en-US\",\"potentialAction\":[{\"@type\":\"ReadAction\",\"target\":[\"https:\/\/dynfut.tamtomy.cz\/en\/\"]}]},{\"@type\":\"ImageObject\",\"inLanguage\":\"en-US\",\"@id\":\"https:\/\/dynfut.tamtomy.cz\/en\/#primaryimage\",\"url\":\"https:\/\/dynfut.tamtomy.cz\/wp-content\/uploads\/2024\/05\/main-pic.jpeg\",\"contentUrl\":\"https:\/\/dynfut.tamtomy.cz\/wp-content\/uploads\/2024\/05\/main-pic.jpeg\",\"width\":1920,\"height\":1030},{\"@type\":\"BreadcrumbList\",\"@id\":\"https:\/\/dynfut.tamtomy.cz\/en\/#breadcrumb\",\"itemListElement\":[{\"@type\":\"ListItem\",\"position\":1,\"name\":\"Home\",\"item\":\"https:\/\/dynfut.tamtomy.cz\/en\/\"},{\"@type\":\"ListItem\",\"position\":2,\"name\":\"Logistics and optimization of business processes\"}]},{\"@type\":\"WebSite\",\"@id\":\"https:\/\/dynfut.tamtomy.cz\/en\/#website\",\"url\":\"https:\/\/dynfut.tamtomy.cz\/en\/\",\"name\":\"DYNAMIC FUTURE\",\"description\":\"digital twins (digit\u00e1ln\u00ed dvoj\u010data) pro p\u0159esn\u00e9 rozhodov\u00e1n\u00ed v pr\u016fmyslu a logistice\",\"potentialAction\":[{\"@type\":\"SearchAction\",\"target\":{\"@type\":\"EntryPoint\",\"urlTemplate\":\"https:\/\/dynfut.tamtomy.cz\/en\/?s={search_term_string}\"},\"query-input\":\"required name=search_term_string\"}],\"inLanguage\":\"en-US\"}]}<\/script>\n<!-- \/ Yoast SEO plugin. -->","yoast_head_json":{"title":"Logistics and optimization of business processes - DYNAMIC FUTURE","robots":{"index":"noindex","follow":"follow","max-snippet":"max-snippet:-1","max-image-preview":"max-image-preview:large","max-video-preview":"max-video-preview:-1"},"og_locale":"en_US","og_type":"article","og_title":"Logistics and optimization of business processes - DYNAMIC FUTURE","og_url":"https:\/\/dynfut.tamtomy.cz\/en\/","og_site_name":"DYNAMIC FUTURE","article_modified_time":"2024-06-07T08:35:56+00:00","og_image":[{"width":1920,"height":1030,"url":"https:\/\/dynfut.tamtomy.cz\/wp-content\/uploads\/2024\/05\/main-pic.jpeg","type":"image\/jpeg"}],"twitter_card":"summary_large_image","twitter_misc":{"Est. reading time":"1 minute"},"schema":{"@context":"https:\/\/schema.org","@graph":[{"@type":"WebPage","@id":"https:\/\/dynfut.tamtomy.cz\/en\/","url":"https:\/\/dynfut.tamtomy.cz\/en\/","name":"Logistics and optimization of business processes - DYNAMIC FUTURE","isPartOf":{"@id":"https:\/\/dynfut.tamtomy.cz\/en\/#website"},"primaryImageOfPage":{"@id":"https:\/\/dynfut.tamtomy.cz\/en\/#primaryimage"},"image":{"@id":"https:\/\/dynfut.tamtomy.cz\/en\/#primaryimage"},"thumbnailUrl":"https:\/\/dynfut.tamtomy.cz\/wp-content\/uploads\/2024\/05\/main-pic.jpeg","datePublished":"2015-10-07T10:43:29+00:00","dateModified":"2024-06-07T08:35:56+00:00","breadcrumb":{"@id":"https:\/\/dynfut.tamtomy.cz\/en\/#breadcrumb"},"inLanguage":"en-US","potentialAction":[{"@type":"ReadAction","target":["https:\/\/dynfut.tamtomy.cz\/en\/"]}]},{"@type":"ImageObject","inLanguage":"en-US","@id":"https:\/\/dynfut.tamtomy.cz\/en\/#primaryimage","url":"https:\/\/dynfut.tamtomy.cz\/wp-content\/uploads\/2024\/05\/main-pic.jpeg","contentUrl":"https:\/\/dynfut.tamtomy.cz\/wp-content\/uploads\/2024\/05\/main-pic.jpeg","width":1920,"height":1030},{"@type":"BreadcrumbList","@id":"https:\/\/dynfut.tamtomy.cz\/en\/#breadcrumb","itemListElement":[{"@type":"ListItem","position":1,"name":"Home","item":"https:\/\/dynfut.tamtomy.cz\/en\/"},{"@type":"ListItem","position":2,"name":"Logistics and optimization of business processes"}]},{"@type":"WebSite","@id":"https:\/\/dynfut.tamtomy.cz\/en\/#website","url":"https:\/\/dynfut.tamtomy.cz\/en\/","name":"DYNAMIC FUTURE","description":"digital twins (digit\u00e1ln\u00ed dvoj\u010data) pro p\u0159esn\u00e9 rozhodov\u00e1n\u00ed v pr\u016fmyslu a logistice","potentialAction":[{"@type":"SearchAction","target":{"@type":"EntryPoint","urlTemplate":"https:\/\/dynfut.tamtomy.cz\/en\/?s={search_term_string}"},"query-input":"required name=search_term_string"}],"inLanguage":"en-US"}]}},"_links":{"self":[{"href":"https:\/\/dynfut.tamtomy.cz\/en\/wp-json\/wp\/v2\/pages\/9"}],"collection":[{"href":"https:\/\/dynfut.tamtomy.cz\/en\/wp-json\/wp\/v2\/pages"}],"about":[{"href":"https:\/\/dynfut.tamtomy.cz\/en\/wp-json\/wp\/v2\/types\/page"}],"author":[{"embeddable":true,"href":"https:\/\/dynfut.tamtomy.cz\/en\/wp-json\/wp\/v2\/users\/2"}],"replies":[{"embeddable":true,"href":"https:\/\/dynfut.tamtomy.cz\/en\/wp-json\/wp\/v2\/comments?post=9"}],"version-history":[{"count":25,"href":"https:\/\/dynfut.tamtomy.cz\/en\/wp-json\/wp\/v2\/pages\/9\/revisions"}],"predecessor-version":[{"id":6667,"href":"https:\/\/dynfut.tamtomy.cz\/en\/wp-json\/wp\/v2\/pages\/9\/revisions\/6667"}],"wp:featuredmedia":[{"embeddable":true,"href":"https:\/\/dynfut.tamtomy.cz\/en\/wp-json\/wp\/v2\/media\/6467"}],"wp:attachment":[{"href":"https:\/\/dynfut.tamtomy.cz\/en\/wp-json\/wp\/v2\/media?parent=9"}],"curies":[{"name":"wp","href":"https:\/\/api.w.org\/{rel}","templated":true}]}}