{"id":93,"date":"2015-10-21T09:21:14","date_gmt":"2015-10-21T08:21:14","guid":{"rendered":"http:\/\/dharma.cz\/dynamic\/?page_id=93"},"modified":"2018-03-13T08:35:18","modified_gmt":"2018-03-13T07:35:18","slug":"witness","status":"publish","type":"page","link":"https:\/\/dynfut.tamtomy.cz\/en\/products-and-services\/witness\/","title":{"rendered":"WITNESS"},"content":{"rendered":"<p style=\"text-align: justify;\">WITNESS is a front software for <strong>simulation<\/strong> and <strong>optimization<\/strong> of manufacturing, servicing and logistic systems of the british company Lanner Group Ltd.<\/p>\n<p style=\"text-align: justify;\"><strong>Predictive technologies<\/strong> and <strong>simulating methods<\/strong> are attracting more and more attention of experts in many fields. Maintaining the competitiveness and enhancing service levels required of constant changes by organizations. In conditions of strict cost monitoring is needed to verify the possibilities of planned systems and find innovative and successful solutions.<\/p>\n<p><img loading=\"lazy\" decoding=\"async\" class=\"aligncenter wp-image-297 size-full\" src=\"https:\/\/dynfut.tamtomy.cz\/wp-content\/uploads\/2015\/10\/uvodka.png\" alt=\"uvodka\" width=\"400\" height=\"360\" srcset=\"https:\/\/dynfut.tamtomy.cz\/wp-content\/uploads\/2015\/10\/uvodka.png 400w, https:\/\/dynfut.tamtomy.cz\/wp-content\/uploads\/2015\/10\/uvodka-150x135.png 150w\" sizes=\"(max-width: 400px) 100vw, 400px\" \/><\/p>\n<p style=\"text-align: justify;\">Also requirement for change of technological or organization processes brings certain risk. Programme WITNESS helps decreasing this risk <strong>with enabling model your work environment <\/strong>and<strong> simulate consequences <\/strong>of different<strong> decisions<\/strong>. The result is a <strong>higher level of confidence<\/strong> that proposed solution is right for a company &#8211; even before the realization. Among world class companies is not any which is using predictive technologies as a standard tool of proceeding.<\/p>\n<p><b>More information you can find <a href=\"http:\/\/witness.cz\/en\/products-and-aplications\/witness\/\">here<\/a>.<\/b><\/p>\n","protected":false},"excerpt":{"rendered":"<p>WITNESS is a front software for simulation and optimization of manufacturing, servicing and logistic systems of the british company Lanner Group Ltd. Predictive technologies and simulating methods are attracting more and more attention of experts in many fields. Maintaining the competitiveness and enhancing service levels required of constant changes by organizations. In conditions of strict [&hellip;]<\/p>\n","protected":false},"author":2,"featured_media":316,"parent":30,"menu_order":2,"comment_status":"closed","ping_status":"closed","template":"","meta":{"footnotes":""},"acf":[],"yoast_head":"<!-- This site is optimized with the Yoast SEO plugin v22.5 - https:\/\/yoast.com\/wordpress\/plugins\/seo\/ -->\n<title>WITNESS - DYNAMIC FUTURE<\/title>\n<meta name=\"robots\" content=\"noindex, follow, max-snippet:-1, max-image-preview:large, max-video-preview:-1\" \/>\n<meta property=\"og:locale\" content=\"en_US\" \/>\n<meta property=\"og:type\" content=\"article\" \/>\n<meta property=\"og:title\" content=\"WITNESS - DYNAMIC FUTURE\" \/>\n<meta property=\"og:description\" content=\"WITNESS is a front software for simulation and optimization of manufacturing, servicing and logistic systems of the british company Lanner Group Ltd. Predictive technologies and simulating methods are attracting more and more attention of experts in many fields. Maintaining the competitiveness and enhancing service levels required of constant changes by organizations. In conditions of strict [&hellip;]\" \/>\n<meta property=\"og:url\" content=\"https:\/\/dynfut.tamtomy.cz\/en\/products-and-services\/witness\/\" \/>\n<meta property=\"og:site_name\" content=\"DYNAMIC FUTURE\" \/>\n<meta property=\"article:modified_time\" content=\"2018-03-13T07:35:18+00:00\" \/>\n<meta property=\"og:image\" content=\"https:\/\/dynfut.tamtomy.cz\/wp-content\/uploads\/2015\/10\/witness14.jpg\" \/>\n\t<meta property=\"og:image:width\" content=\"730\" \/>\n\t<meta property=\"og:image:height\" content=\"340\" \/>\n\t<meta property=\"og:image:type\" content=\"image\/jpeg\" \/>\n<meta name=\"twitter:card\" content=\"summary_large_image\" \/>\n<meta name=\"twitter:label1\" content=\"Est. reading time\" \/>\n\t<meta name=\"twitter:data1\" content=\"1 minute\" \/>\n<script type=\"application\/ld+json\" class=\"yoast-schema-graph\">{\"@context\":\"https:\/\/schema.org\",\"@graph\":[{\"@type\":\"WebPage\",\"@id\":\"https:\/\/dynfut.tamtomy.cz\/en\/products-and-services\/witness\/\",\"url\":\"https:\/\/dynfut.tamtomy.cz\/en\/products-and-services\/witness\/\",\"name\":\"WITNESS - DYNAMIC FUTURE\",\"isPartOf\":{\"@id\":\"https:\/\/dynfut.tamtomy.cz\/en\/#website\"},\"primaryImageOfPage\":{\"@id\":\"https:\/\/dynfut.tamtomy.cz\/en\/products-and-services\/witness\/#primaryimage\"},\"image\":{\"@id\":\"https:\/\/dynfut.tamtomy.cz\/en\/products-and-services\/witness\/#primaryimage\"},\"thumbnailUrl\":\"https:\/\/dynfut.tamtomy.cz\/wp-content\/uploads\/2015\/10\/witness14.jpg\",\"datePublished\":\"2015-10-21T08:21:14+00:00\",\"dateModified\":\"2018-03-13T07:35:18+00:00\",\"breadcrumb\":{\"@id\":\"https:\/\/dynfut.tamtomy.cz\/en\/products-and-services\/witness\/#breadcrumb\"},\"inLanguage\":\"en-US\",\"potentialAction\":[{\"@type\":\"ReadAction\",\"target\":[\"https:\/\/dynfut.tamtomy.cz\/en\/products-and-services\/witness\/\"]}]},{\"@type\":\"ImageObject\",\"inLanguage\":\"en-US\",\"@id\":\"https:\/\/dynfut.tamtomy.cz\/en\/products-and-services\/witness\/#primaryimage\",\"url\":\"https:\/\/dynfut.tamtomy.cz\/wp-content\/uploads\/2015\/10\/witness14.jpg\",\"contentUrl\":\"https:\/\/dynfut.tamtomy.cz\/wp-content\/uploads\/2015\/10\/witness14.jpg\",\"width\":730,\"height\":340},{\"@type\":\"BreadcrumbList\",\"@id\":\"https:\/\/dynfut.tamtomy.cz\/en\/products-and-services\/witness\/#breadcrumb\",\"itemListElement\":[{\"@type\":\"ListItem\",\"position\":1,\"name\":\"Home\",\"item\":\"https:\/\/dynfut.tamtomy.cz\/en\/\"},{\"@type\":\"ListItem\",\"position\":2,\"name\":\"Logistics and optimization of business processes\",\"item\":\"https:\/\/dynfut.tamtomy.cz\/en\/\"},{\"@type\":\"ListItem\",\"position\":3,\"name\":\"Products and services\",\"item\":\"https:\/\/dynfut.tamtomy.cz\/en\/products-and-services\/\"},{\"@type\":\"ListItem\",\"position\":4,\"name\":\"WITNESS\"}]},{\"@type\":\"WebSite\",\"@id\":\"https:\/\/dynfut.tamtomy.cz\/en\/#website\",\"url\":\"https:\/\/dynfut.tamtomy.cz\/en\/\",\"name\":\"DYNAMIC FUTURE\",\"description\":\"digital twins (digit\u00e1ln\u00ed dvoj\u010data) pro p\u0159esn\u00e9 rozhodov\u00e1n\u00ed v pr\u016fmyslu a logistice\",\"potentialAction\":[{\"@type\":\"SearchAction\",\"target\":{\"@type\":\"EntryPoint\",\"urlTemplate\":\"https:\/\/dynfut.tamtomy.cz\/en\/?s={search_term_string}\"},\"query-input\":\"required name=search_term_string\"}],\"inLanguage\":\"en-US\"}]}<\/script>\n<!-- \/ Yoast SEO plugin. -->","yoast_head_json":{"title":"WITNESS - DYNAMIC FUTURE","robots":{"index":"noindex","follow":"follow","max-snippet":"max-snippet:-1","max-image-preview":"max-image-preview:large","max-video-preview":"max-video-preview:-1"},"og_locale":"en_US","og_type":"article","og_title":"WITNESS - DYNAMIC FUTURE","og_description":"WITNESS is a front software for simulation and optimization of manufacturing, servicing and logistic systems of the british company Lanner Group Ltd. Predictive technologies and simulating methods are attracting more and more attention of experts in many fields. Maintaining the competitiveness and enhancing service levels required of constant changes by organizations. In conditions of strict [&hellip;]","og_url":"https:\/\/dynfut.tamtomy.cz\/en\/products-and-services\/witness\/","og_site_name":"DYNAMIC FUTURE","article_modified_time":"2018-03-13T07:35:18+00:00","og_image":[{"width":730,"height":340,"url":"https:\/\/dynfut.tamtomy.cz\/wp-content\/uploads\/2015\/10\/witness14.jpg","type":"image\/jpeg"}],"twitter_card":"summary_large_image","twitter_misc":{"Est. reading time":"1 minute"},"schema":{"@context":"https:\/\/schema.org","@graph":[{"@type":"WebPage","@id":"https:\/\/dynfut.tamtomy.cz\/en\/products-and-services\/witness\/","url":"https:\/\/dynfut.tamtomy.cz\/en\/products-and-services\/witness\/","name":"WITNESS - DYNAMIC FUTURE","isPartOf":{"@id":"https:\/\/dynfut.tamtomy.cz\/en\/#website"},"primaryImageOfPage":{"@id":"https:\/\/dynfut.tamtomy.cz\/en\/products-and-services\/witness\/#primaryimage"},"image":{"@id":"https:\/\/dynfut.tamtomy.cz\/en\/products-and-services\/witness\/#primaryimage"},"thumbnailUrl":"https:\/\/dynfut.tamtomy.cz\/wp-content\/uploads\/2015\/10\/witness14.jpg","datePublished":"2015-10-21T08:21:14+00:00","dateModified":"2018-03-13T07:35:18+00:00","breadcrumb":{"@id":"https:\/\/dynfut.tamtomy.cz\/en\/products-and-services\/witness\/#breadcrumb"},"inLanguage":"en-US","potentialAction":[{"@type":"ReadAction","target":["https:\/\/dynfut.tamtomy.cz\/en\/products-and-services\/witness\/"]}]},{"@type":"ImageObject","inLanguage":"en-US","@id":"https:\/\/dynfut.tamtomy.cz\/en\/products-and-services\/witness\/#primaryimage","url":"https:\/\/dynfut.tamtomy.cz\/wp-content\/uploads\/2015\/10\/witness14.jpg","contentUrl":"https:\/\/dynfut.tamtomy.cz\/wp-content\/uploads\/2015\/10\/witness14.jpg","width":730,"height":340},{"@type":"BreadcrumbList","@id":"https:\/\/dynfut.tamtomy.cz\/en\/products-and-services\/witness\/#breadcrumb","itemListElement":[{"@type":"ListItem","position":1,"name":"Home","item":"https:\/\/dynfut.tamtomy.cz\/en\/"},{"@type":"ListItem","position":2,"name":"Logistics and optimization of business processes","item":"https:\/\/dynfut.tamtomy.cz\/en\/"},{"@type":"ListItem","position":3,"name":"Products and services","item":"https:\/\/dynfut.tamtomy.cz\/en\/products-and-services\/"},{"@type":"ListItem","position":4,"name":"WITNESS"}]},{"@type":"WebSite","@id":"https:\/\/dynfut.tamtomy.cz\/en\/#website","url":"https:\/\/dynfut.tamtomy.cz\/en\/","name":"DYNAMIC FUTURE","description":"digital twins (digit\u00e1ln\u00ed dvoj\u010data) pro p\u0159esn\u00e9 rozhodov\u00e1n\u00ed v pr\u016fmyslu a logistice","potentialAction":[{"@type":"SearchAction","target":{"@type":"EntryPoint","urlTemplate":"https:\/\/dynfut.tamtomy.cz\/en\/?s={search_term_string}"},"query-input":"required name=search_term_string"}],"inLanguage":"en-US"}]}},"_links":{"self":[{"href":"https:\/\/dynfut.tamtomy.cz\/en\/wp-json\/wp\/v2\/pages\/93"}],"collection":[{"href":"https:\/\/dynfut.tamtomy.cz\/en\/wp-json\/wp\/v2\/pages"}],"about":[{"href":"https:\/\/dynfut.tamtomy.cz\/en\/wp-json\/wp\/v2\/types\/page"}],"author":[{"embeddable":true,"href":"https:\/\/dynfut.tamtomy.cz\/en\/wp-json\/wp\/v2\/users\/2"}],"replies":[{"embeddable":true,"href":"https:\/\/dynfut.tamtomy.cz\/en\/wp-json\/wp\/v2\/comments?post=93"}],"version-history":[{"count":14,"href":"https:\/\/dynfut.tamtomy.cz\/en\/wp-json\/wp\/v2\/pages\/93\/revisions"}],"predecessor-version":[{"id":2769,"href":"https:\/\/dynfut.tamtomy.cz\/en\/wp-json\/wp\/v2\/pages\/93\/revisions\/2769"}],"up":[{"embeddable":true,"href":"https:\/\/dynfut.tamtomy.cz\/en\/wp-json\/wp\/v2\/pages\/30"}],"wp:featuredmedia":[{"embeddable":true,"href":"https:\/\/dynfut.tamtomy.cz\/en\/wp-json\/wp\/v2\/media\/316"}],"wp:attachment":[{"href":"https:\/\/dynfut.tamtomy.cz\/en\/wp-json\/wp\/v2\/media?parent=93"}],"curies":[{"name":"wp","href":"https:\/\/api.w.org\/{rel}","templated":true}]}}