{"id":95,"date":"2015-10-21T09:21:34","date_gmt":"2015-10-21T08:21:34","guid":{"rendered":"http:\/\/dharma.cz\/dynamic\/?page_id=95"},"modified":"2018-03-13T08:34:42","modified_gmt":"2018-03-13T07:34:42","slug":"poradenstvi","status":"publish","type":"page","link":"https:\/\/dynfut.tamtomy.cz\/en\/products-and-services\/poradenstvi\/","title":{"rendered":"CONSULTANCY"},"content":{"rendered":"<p>Our company uses <strong>the own uniqe methodology<\/strong> to solve particular assignment which comes out from the wide scale of tools aplicated on base of <strong>long-time practical experiences<\/strong>.<\/p>\n<p>&nbsp;<\/p>\n<p style=\"text-align: justify;\"><img loading=\"lazy\" decoding=\"async\" class=\"alignnone size-full wp-image-2339\" src=\"https:\/\/dynfut.tamtomy.cz\/wp-content\/uploads\/2016\/02\/poradenstvi.jpg\" alt=\"poradenstvi\" width=\"1024\" height=\"400\" srcset=\"https:\/\/dynfut.tamtomy.cz\/wp-content\/uploads\/2016\/02\/poradenstvi.jpg 1024w, https:\/\/dynfut.tamtomy.cz\/wp-content\/uploads\/2016\/02\/poradenstvi-150x59.jpg 150w, https:\/\/dynfut.tamtomy.cz\/wp-content\/uploads\/2016\/02\/poradenstvi-768x300.jpg 768w\" sizes=\"(max-width: 1024px) 100vw, 1024px\" \/><\/p>\n<p style=\"text-align: justify;\">The main pillars of our work are:<\/p>\n<ul style=\"text-align: justify;\">\n<li>Common sense.<\/li>\n<li>Ability to quickly understand the solved problems.<\/li>\n<li>Logistic audit.<\/li>\n<li><strong><a href=\"http:\/\/www.witness.cz\" target=\"_blank\" rel=\"noopener\">Dynamic simulation<\/a>.<\/strong><\/li>\n<li>Datamining.<\/li>\n<\/ul>\n<p style=\"text-align: justify;\">For the duration of our existence we try to bring our customers <strong>fresh ideas<\/strong> to materialize their visions and strategies in the form of numbers, visualization and opposition. In the framework <strong>the joint activities<\/strong> we combine your experience with ours. Thanks to our activities, whether it&#8217;s active work for the Chamber of Logistics Auditors or cooperation on <a href=\"http:\/\/www.witness.cz\" target=\"_blank\" rel=\"noopener\">SW Witness<\/a> development with Lanner Group Ltd. we have access to an unlimited database solutions and <strong>experiences from around the world<\/strong>.<\/p>\n<p>We don\u00b4t limit ourselves to a particular segment, the beginnings of our activities are associated with the idea of &#8220;<strong>Smart ideas are applicable everywhere, it just takes the right application.&#8221;<\/strong><\/p>\n","protected":false},"excerpt":{"rendered":"<p>Our company uses the own uniqe methodology to solve particular assignment which comes out from the wide scale of tools aplicated on base of long-time practical experiences. &nbsp; The main pillars of our work are: Common sense. Ability to quickly understand the solved problems. Logistic audit. Dynamic simulation. Datamining. For the duration of our existence [&hellip;]<\/p>\n","protected":false},"author":2,"featured_media":315,"parent":30,"menu_order":1,"comment_status":"open","ping_status":"closed","template":"","meta":{"footnotes":""},"acf":[],"yoast_head":"<!-- This site is optimized with the Yoast SEO plugin v22.5 - https:\/\/yoast.com\/wordpress\/plugins\/seo\/ -->\n<title>CONSULTANCY - DYNAMIC FUTURE<\/title>\n<meta name=\"robots\" content=\"noindex, follow, max-snippet:-1, max-image-preview:large, max-video-preview:-1\" \/>\n<meta property=\"og:locale\" content=\"en_US\" \/>\n<meta property=\"og:type\" content=\"article\" \/>\n<meta property=\"og:title\" content=\"CONSULTANCY - DYNAMIC FUTURE\" \/>\n<meta property=\"og:description\" content=\"Our company uses the own uniqe methodology to solve particular assignment which comes out from the wide scale of tools aplicated on base of long-time practical experiences. &nbsp; The main pillars of our work are: Common sense. Ability to quickly understand the solved problems. Logistic audit. Dynamic simulation. Datamining. For the duration of our existence [&hellip;]\" \/>\n<meta property=\"og:url\" content=\"https:\/\/dynfut.tamtomy.cz\/en\/products-and-services\/poradenstvi\/\" \/>\n<meta property=\"og:site_name\" content=\"DYNAMIC FUTURE\" \/>\n<meta property=\"article:modified_time\" content=\"2018-03-13T07:34:42+00:00\" \/>\n<meta property=\"og:image\" content=\"https:\/\/dynfut.tamtomy.cz\/wp-content\/uploads\/2015\/10\/happ.jpg\" \/>\n\t<meta property=\"og:image:width\" content=\"730\" \/>\n\t<meta property=\"og:image:height\" content=\"340\" \/>\n\t<meta property=\"og:image:type\" content=\"image\/jpeg\" \/>\n<meta name=\"twitter:card\" content=\"summary_large_image\" \/>\n<meta name=\"twitter:label1\" content=\"Est. reading time\" \/>\n\t<meta name=\"twitter:data1\" content=\"1 minute\" \/>\n<script type=\"application\/ld+json\" class=\"yoast-schema-graph\">{\"@context\":\"https:\/\/schema.org\",\"@graph\":[{\"@type\":\"WebPage\",\"@id\":\"https:\/\/dynfut.tamtomy.cz\/en\/products-and-services\/poradenstvi\/\",\"url\":\"https:\/\/dynfut.tamtomy.cz\/en\/products-and-services\/poradenstvi\/\",\"name\":\"CONSULTANCY - DYNAMIC FUTURE\",\"isPartOf\":{\"@id\":\"https:\/\/dynfut.tamtomy.cz\/en\/#website\"},\"primaryImageOfPage\":{\"@id\":\"https:\/\/dynfut.tamtomy.cz\/en\/products-and-services\/poradenstvi\/#primaryimage\"},\"image\":{\"@id\":\"https:\/\/dynfut.tamtomy.cz\/en\/products-and-services\/poradenstvi\/#primaryimage\"},\"thumbnailUrl\":\"https:\/\/dynfut.tamtomy.cz\/wp-content\/uploads\/2015\/10\/happ.jpg\",\"datePublished\":\"2015-10-21T08:21:34+00:00\",\"dateModified\":\"2018-03-13T07:34:42+00:00\",\"breadcrumb\":{\"@id\":\"https:\/\/dynfut.tamtomy.cz\/en\/products-and-services\/poradenstvi\/#breadcrumb\"},\"inLanguage\":\"en-US\",\"potentialAction\":[{\"@type\":\"ReadAction\",\"target\":[\"https:\/\/dynfut.tamtomy.cz\/en\/products-and-services\/poradenstvi\/\"]}]},{\"@type\":\"ImageObject\",\"inLanguage\":\"en-US\",\"@id\":\"https:\/\/dynfut.tamtomy.cz\/en\/products-and-services\/poradenstvi\/#primaryimage\",\"url\":\"https:\/\/dynfut.tamtomy.cz\/wp-content\/uploads\/2015\/10\/happ.jpg\",\"contentUrl\":\"https:\/\/dynfut.tamtomy.cz\/wp-content\/uploads\/2015\/10\/happ.jpg\",\"width\":730,\"height\":340},{\"@type\":\"BreadcrumbList\",\"@id\":\"https:\/\/dynfut.tamtomy.cz\/en\/products-and-services\/poradenstvi\/#breadcrumb\",\"itemListElement\":[{\"@type\":\"ListItem\",\"position\":1,\"name\":\"Home\",\"item\":\"https:\/\/dynfut.tamtomy.cz\/en\/\"},{\"@type\":\"ListItem\",\"position\":2,\"name\":\"Logistics and optimization of business processes\",\"item\":\"https:\/\/dynfut.tamtomy.cz\/en\/\"},{\"@type\":\"ListItem\",\"position\":3,\"name\":\"Products and services\",\"item\":\"https:\/\/dynfut.tamtomy.cz\/en\/products-and-services\/\"},{\"@type\":\"ListItem\",\"position\":4,\"name\":\"CONSULTANCY\"}]},{\"@type\":\"WebSite\",\"@id\":\"https:\/\/dynfut.tamtomy.cz\/en\/#website\",\"url\":\"https:\/\/dynfut.tamtomy.cz\/en\/\",\"name\":\"DYNAMIC FUTURE\",\"description\":\"digital twins (digit\u00e1ln\u00ed dvoj\u010data) pro p\u0159esn\u00e9 rozhodov\u00e1n\u00ed v pr\u016fmyslu a logistice\",\"potentialAction\":[{\"@type\":\"SearchAction\",\"target\":{\"@type\":\"EntryPoint\",\"urlTemplate\":\"https:\/\/dynfut.tamtomy.cz\/en\/?s={search_term_string}\"},\"query-input\":\"required name=search_term_string\"}],\"inLanguage\":\"en-US\"}]}<\/script>\n<!-- \/ Yoast SEO plugin. -->","yoast_head_json":{"title":"CONSULTANCY - DYNAMIC FUTURE","robots":{"index":"noindex","follow":"follow","max-snippet":"max-snippet:-1","max-image-preview":"max-image-preview:large","max-video-preview":"max-video-preview:-1"},"og_locale":"en_US","og_type":"article","og_title":"CONSULTANCY - DYNAMIC FUTURE","og_description":"Our company uses the own uniqe methodology to solve particular assignment which comes out from the wide scale of tools aplicated on base of long-time practical experiences. &nbsp; The main pillars of our work are: Common sense. Ability to quickly understand the solved problems. Logistic audit. Dynamic simulation. Datamining. For the duration of our existence [&hellip;]","og_url":"https:\/\/dynfut.tamtomy.cz\/en\/products-and-services\/poradenstvi\/","og_site_name":"DYNAMIC FUTURE","article_modified_time":"2018-03-13T07:34:42+00:00","og_image":[{"width":730,"height":340,"url":"https:\/\/dynfut.tamtomy.cz\/wp-content\/uploads\/2015\/10\/happ.jpg","type":"image\/jpeg"}],"twitter_card":"summary_large_image","twitter_misc":{"Est. reading time":"1 minute"},"schema":{"@context":"https:\/\/schema.org","@graph":[{"@type":"WebPage","@id":"https:\/\/dynfut.tamtomy.cz\/en\/products-and-services\/poradenstvi\/","url":"https:\/\/dynfut.tamtomy.cz\/en\/products-and-services\/poradenstvi\/","name":"CONSULTANCY - DYNAMIC FUTURE","isPartOf":{"@id":"https:\/\/dynfut.tamtomy.cz\/en\/#website"},"primaryImageOfPage":{"@id":"https:\/\/dynfut.tamtomy.cz\/en\/products-and-services\/poradenstvi\/#primaryimage"},"image":{"@id":"https:\/\/dynfut.tamtomy.cz\/en\/products-and-services\/poradenstvi\/#primaryimage"},"thumbnailUrl":"https:\/\/dynfut.tamtomy.cz\/wp-content\/uploads\/2015\/10\/happ.jpg","datePublished":"2015-10-21T08:21:34+00:00","dateModified":"2018-03-13T07:34:42+00:00","breadcrumb":{"@id":"https:\/\/dynfut.tamtomy.cz\/en\/products-and-services\/poradenstvi\/#breadcrumb"},"inLanguage":"en-US","potentialAction":[{"@type":"ReadAction","target":["https:\/\/dynfut.tamtomy.cz\/en\/products-and-services\/poradenstvi\/"]}]},{"@type":"ImageObject","inLanguage":"en-US","@id":"https:\/\/dynfut.tamtomy.cz\/en\/products-and-services\/poradenstvi\/#primaryimage","url":"https:\/\/dynfut.tamtomy.cz\/wp-content\/uploads\/2015\/10\/happ.jpg","contentUrl":"https:\/\/dynfut.tamtomy.cz\/wp-content\/uploads\/2015\/10\/happ.jpg","width":730,"height":340},{"@type":"BreadcrumbList","@id":"https:\/\/dynfut.tamtomy.cz\/en\/products-and-services\/poradenstvi\/#breadcrumb","itemListElement":[{"@type":"ListItem","position":1,"name":"Home","item":"https:\/\/dynfut.tamtomy.cz\/en\/"},{"@type":"ListItem","position":2,"name":"Logistics and optimization of business processes","item":"https:\/\/dynfut.tamtomy.cz\/en\/"},{"@type":"ListItem","position":3,"name":"Products and services","item":"https:\/\/dynfut.tamtomy.cz\/en\/products-and-services\/"},{"@type":"ListItem","position":4,"name":"CONSULTANCY"}]},{"@type":"WebSite","@id":"https:\/\/dynfut.tamtomy.cz\/en\/#website","url":"https:\/\/dynfut.tamtomy.cz\/en\/","name":"DYNAMIC FUTURE","description":"digital twins (digit\u00e1ln\u00ed dvoj\u010data) pro p\u0159esn\u00e9 rozhodov\u00e1n\u00ed v pr\u016fmyslu a logistice","potentialAction":[{"@type":"SearchAction","target":{"@type":"EntryPoint","urlTemplate":"https:\/\/dynfut.tamtomy.cz\/en\/?s={search_term_string}"},"query-input":"required name=search_term_string"}],"inLanguage":"en-US"}]}},"_links":{"self":[{"href":"https:\/\/dynfut.tamtomy.cz\/en\/wp-json\/wp\/v2\/pages\/95"}],"collection":[{"href":"https:\/\/dynfut.tamtomy.cz\/en\/wp-json\/wp\/v2\/pages"}],"about":[{"href":"https:\/\/dynfut.tamtomy.cz\/en\/wp-json\/wp\/v2\/types\/page"}],"author":[{"embeddable":true,"href":"https:\/\/dynfut.tamtomy.cz\/en\/wp-json\/wp\/v2\/users\/2"}],"replies":[{"embeddable":true,"href":"https:\/\/dynfut.tamtomy.cz\/en\/wp-json\/wp\/v2\/comments?post=95"}],"version-history":[{"count":22,"href":"https:\/\/dynfut.tamtomy.cz\/en\/wp-json\/wp\/v2\/pages\/95\/revisions"}],"predecessor-version":[{"id":3603,"href":"https:\/\/dynfut.tamtomy.cz\/en\/wp-json\/wp\/v2\/pages\/95\/revisions\/3603"}],"up":[{"embeddable":true,"href":"https:\/\/dynfut.tamtomy.cz\/en\/wp-json\/wp\/v2\/pages\/30"}],"wp:featuredmedia":[{"embeddable":true,"href":"https:\/\/dynfut.tamtomy.cz\/en\/wp-json\/wp\/v2\/media\/315"}],"wp:attachment":[{"href":"https:\/\/dynfut.tamtomy.cz\/en\/wp-json\/wp\/v2\/media?parent=95"}],"curies":[{"name":"wp","href":"https:\/\/api.w.org\/{rel}","templated":true}]}}