{"id":97,"date":"2015-10-21T09:21:58","date_gmt":"2015-10-21T08:21:58","guid":{"rendered":"http:\/\/dharma.cz\/dynamic\/?page_id=97"},"modified":"2018-03-13T08:36:54","modified_gmt":"2018-03-13T07:36:54","slug":"aplications","status":"publish","type":"page","link":"https:\/\/dynfut.tamtomy.cz\/en\/products-and-services\/aplications\/","title":{"rendered":"Applications"},"content":{"rendered":"<p>When implementing our projects, we and our clients have come to many solutions that require <strong>repetitive optimization<\/strong> and verification of the current state. For this reason we have created and we still continue to create <strong>applications<\/strong> that work flexibly and using simply change of the input data it is allowed the user to obtain a final solution of the situation.<\/p>\n<p><img loading=\"lazy\" decoding=\"async\" class=\"alignnone size-full wp-image-1761\" src=\"https:\/\/dynfut.tamtomy.cz\/wp-content\/uploads\/2015\/10\/HAPP.png\" alt=\"HAPP\" width=\"2190\" height=\"1194\" srcset=\"https:\/\/dynfut.tamtomy.cz\/wp-content\/uploads\/2015\/10\/HAPP.png 2190w, https:\/\/dynfut.tamtomy.cz\/wp-content\/uploads\/2015\/10\/HAPP-150x82.png 150w, https:\/\/dynfut.tamtomy.cz\/wp-content\/uploads\/2015\/10\/HAPP-768x419.png 768w\" sizes=\"(max-width: 2190px) 100vw, 2190px\" \/><br \/>\nOur applications are mostly created using the <strong>web user interface<\/strong> with the database of the database environment (usually MS SQL) and with a computing core in environment of the <a href=\"http:\/\/witness.cz\/en\/products-and-aplications\/witness\/\">simulation tool WITNESS<\/a>.<\/p>\n<p>&nbsp;<\/p>\n<p>Our own applications:<img loading=\"lazy\" decoding=\"async\" class=\"size-full wp-image-1979 alignright\" src=\"https:\/\/dynfut.tamtomy.cz\/wp-content\/uploads\/2015\/10\/obr_application.png\" alt=\"obr_application\" width=\"360\" height=\"450\" srcset=\"https:\/\/dynfut.tamtomy.cz\/wp-content\/uploads\/2015\/10\/obr_application.png 360w, https:\/\/dynfut.tamtomy.cz\/wp-content\/uploads\/2015\/10\/obr_application-120x150.png 120w\" sizes=\"(max-width: 360px) 100vw, 360px\" \/><\/p>\n<ul>\n<li><a href=\"http:\/\/witness.cz\/en\/products-and-aplications\/happ\/\">HAPP (Hadling APPlication)<\/a> \u2013 application to optimize handling technology<\/li>\n<li><a href=\"http:\/\/witness.cz\/en\/products-and-aplications\/planing\/\">Production planning <\/a>\u2013 application for capacity planning of production in the meat industry<\/li>\n<li>PREWIT (PREdiction\u00a0WIzard\u00a0Tool) \u2013 a tool for prediction of demand based on statistical analysis of past consumption<\/li>\n<li>The application for verification of various types of crossroads<\/li>\n<\/ul>\n","protected":false},"excerpt":{"rendered":"<p>When implementing our projects, we and our clients have come to many solutions that require repetitive optimization and verification of the current state. For this reason we have created and we still continue to create applications that work flexibly and using simply change of the input data it is allowed the user to obtain a [&hellip;]<\/p>\n","protected":false},"author":2,"featured_media":0,"parent":30,"menu_order":3,"comment_status":"open","ping_status":"closed","template":"","meta":{"footnotes":""},"acf":[],"yoast_head":"<!-- This site is optimized with the Yoast SEO plugin v22.5 - https:\/\/yoast.com\/wordpress\/plugins\/seo\/ -->\n<title>Applications - DYNAMIC FUTURE<\/title>\n<meta name=\"robots\" content=\"noindex, follow, max-snippet:-1, max-image-preview:large, max-video-preview:-1\" \/>\n<meta property=\"og:locale\" content=\"en_US\" \/>\n<meta property=\"og:type\" content=\"article\" \/>\n<meta property=\"og:title\" content=\"Applications - DYNAMIC FUTURE\" \/>\n<meta property=\"og:description\" content=\"When implementing our projects, we and our clients have come to many solutions that require repetitive optimization and verification of the current state. For this reason we have created and we still continue to create applications that work flexibly and using simply change of the input data it is allowed the user to obtain a [&hellip;]\" \/>\n<meta property=\"og:url\" content=\"https:\/\/dynfut.tamtomy.cz\/en\/products-and-services\/aplications\/\" \/>\n<meta property=\"og:site_name\" content=\"DYNAMIC FUTURE\" \/>\n<meta property=\"article:modified_time\" content=\"2018-03-13T07:36:54+00:00\" \/>\n<meta property=\"og:image\" content=\"https:\/\/dynfut.tamtomy.cz\/wp-content\/uploads\/2015\/10\/HAPP.png\" \/>\n<meta name=\"twitter:card\" content=\"summary_large_image\" \/>\n<meta name=\"twitter:label1\" content=\"Est. reading time\" \/>\n\t<meta name=\"twitter:data1\" content=\"1 minute\" \/>\n<script type=\"application\/ld+json\" class=\"yoast-schema-graph\">{\"@context\":\"https:\/\/schema.org\",\"@graph\":[{\"@type\":\"WebPage\",\"@id\":\"https:\/\/dynfut.tamtomy.cz\/en\/products-and-services\/aplications\/\",\"url\":\"https:\/\/dynfut.tamtomy.cz\/en\/products-and-services\/aplications\/\",\"name\":\"Applications - DYNAMIC FUTURE\",\"isPartOf\":{\"@id\":\"https:\/\/dynfut.tamtomy.cz\/en\/#website\"},\"primaryImageOfPage\":{\"@id\":\"https:\/\/dynfut.tamtomy.cz\/en\/products-and-services\/aplications\/#primaryimage\"},\"image\":{\"@id\":\"https:\/\/dynfut.tamtomy.cz\/en\/products-and-services\/aplications\/#primaryimage\"},\"thumbnailUrl\":\"https:\/\/dynfut.tamtomy.cz\/wp-content\/uploads\/2015\/10\/HAPP.png\",\"datePublished\":\"2015-10-21T08:21:58+00:00\",\"dateModified\":\"2018-03-13T07:36:54+00:00\",\"breadcrumb\":{\"@id\":\"https:\/\/dynfut.tamtomy.cz\/en\/products-and-services\/aplications\/#breadcrumb\"},\"inLanguage\":\"en-US\",\"potentialAction\":[{\"@type\":\"ReadAction\",\"target\":[\"https:\/\/dynfut.tamtomy.cz\/en\/products-and-services\/aplications\/\"]}]},{\"@type\":\"ImageObject\",\"inLanguage\":\"en-US\",\"@id\":\"https:\/\/dynfut.tamtomy.cz\/en\/products-and-services\/aplications\/#primaryimage\",\"url\":\"https:\/\/dynfut.tamtomy.cz\/wp-content\/uploads\/2015\/10\/HAPP.png\",\"contentUrl\":\"https:\/\/dynfut.tamtomy.cz\/wp-content\/uploads\/2015\/10\/HAPP.png\"},{\"@type\":\"BreadcrumbList\",\"@id\":\"https:\/\/dynfut.tamtomy.cz\/en\/products-and-services\/aplications\/#breadcrumb\",\"itemListElement\":[{\"@type\":\"ListItem\",\"position\":1,\"name\":\"Home\",\"item\":\"https:\/\/dynfut.tamtomy.cz\/en\/\"},{\"@type\":\"ListItem\",\"position\":2,\"name\":\"Logistics and optimization of business processes\",\"item\":\"https:\/\/dynfut.tamtomy.cz\/en\/\"},{\"@type\":\"ListItem\",\"position\":3,\"name\":\"Products and services\",\"item\":\"https:\/\/dynfut.tamtomy.cz\/en\/products-and-services\/\"},{\"@type\":\"ListItem\",\"position\":4,\"name\":\"Applications\"}]},{\"@type\":\"WebSite\",\"@id\":\"https:\/\/dynfut.tamtomy.cz\/en\/#website\",\"url\":\"https:\/\/dynfut.tamtomy.cz\/en\/\",\"name\":\"DYNAMIC FUTURE\",\"description\":\"digital twins (digit\u00e1ln\u00ed dvoj\u010data) pro p\u0159esn\u00e9 rozhodov\u00e1n\u00ed v pr\u016fmyslu a logistice\",\"potentialAction\":[{\"@type\":\"SearchAction\",\"target\":{\"@type\":\"EntryPoint\",\"urlTemplate\":\"https:\/\/dynfut.tamtomy.cz\/en\/?s={search_term_string}\"},\"query-input\":\"required name=search_term_string\"}],\"inLanguage\":\"en-US\"}]}<\/script>\n<!-- \/ Yoast SEO plugin. -->","yoast_head_json":{"title":"Applications - DYNAMIC FUTURE","robots":{"index":"noindex","follow":"follow","max-snippet":"max-snippet:-1","max-image-preview":"max-image-preview:large","max-video-preview":"max-video-preview:-1"},"og_locale":"en_US","og_type":"article","og_title":"Applications - DYNAMIC FUTURE","og_description":"When implementing our projects, we and our clients have come to many solutions that require repetitive optimization and verification of the current state. For this reason we have created and we still continue to create applications that work flexibly and using simply change of the input data it is allowed the user to obtain a [&hellip;]","og_url":"https:\/\/dynfut.tamtomy.cz\/en\/products-and-services\/aplications\/","og_site_name":"DYNAMIC FUTURE","article_modified_time":"2018-03-13T07:36:54+00:00","og_image":[{"url":"https:\/\/dynfut.tamtomy.cz\/wp-content\/uploads\/2015\/10\/HAPP.png"}],"twitter_card":"summary_large_image","twitter_misc":{"Est. reading time":"1 minute"},"schema":{"@context":"https:\/\/schema.org","@graph":[{"@type":"WebPage","@id":"https:\/\/dynfut.tamtomy.cz\/en\/products-and-services\/aplications\/","url":"https:\/\/dynfut.tamtomy.cz\/en\/products-and-services\/aplications\/","name":"Applications - DYNAMIC FUTURE","isPartOf":{"@id":"https:\/\/dynfut.tamtomy.cz\/en\/#website"},"primaryImageOfPage":{"@id":"https:\/\/dynfut.tamtomy.cz\/en\/products-and-services\/aplications\/#primaryimage"},"image":{"@id":"https:\/\/dynfut.tamtomy.cz\/en\/products-and-services\/aplications\/#primaryimage"},"thumbnailUrl":"https:\/\/dynfut.tamtomy.cz\/wp-content\/uploads\/2015\/10\/HAPP.png","datePublished":"2015-10-21T08:21:58+00:00","dateModified":"2018-03-13T07:36:54+00:00","breadcrumb":{"@id":"https:\/\/dynfut.tamtomy.cz\/en\/products-and-services\/aplications\/#breadcrumb"},"inLanguage":"en-US","potentialAction":[{"@type":"ReadAction","target":["https:\/\/dynfut.tamtomy.cz\/en\/products-and-services\/aplications\/"]}]},{"@type":"ImageObject","inLanguage":"en-US","@id":"https:\/\/dynfut.tamtomy.cz\/en\/products-and-services\/aplications\/#primaryimage","url":"https:\/\/dynfut.tamtomy.cz\/wp-content\/uploads\/2015\/10\/HAPP.png","contentUrl":"https:\/\/dynfut.tamtomy.cz\/wp-content\/uploads\/2015\/10\/HAPP.png"},{"@type":"BreadcrumbList","@id":"https:\/\/dynfut.tamtomy.cz\/en\/products-and-services\/aplications\/#breadcrumb","itemListElement":[{"@type":"ListItem","position":1,"name":"Home","item":"https:\/\/dynfut.tamtomy.cz\/en\/"},{"@type":"ListItem","position":2,"name":"Logistics and optimization of business processes","item":"https:\/\/dynfut.tamtomy.cz\/en\/"},{"@type":"ListItem","position":3,"name":"Products and services","item":"https:\/\/dynfut.tamtomy.cz\/en\/products-and-services\/"},{"@type":"ListItem","position":4,"name":"Applications"}]},{"@type":"WebSite","@id":"https:\/\/dynfut.tamtomy.cz\/en\/#website","url":"https:\/\/dynfut.tamtomy.cz\/en\/","name":"DYNAMIC FUTURE","description":"digital twins (digit\u00e1ln\u00ed dvoj\u010data) pro p\u0159esn\u00e9 rozhodov\u00e1n\u00ed v pr\u016fmyslu a logistice","potentialAction":[{"@type":"SearchAction","target":{"@type":"EntryPoint","urlTemplate":"https:\/\/dynfut.tamtomy.cz\/en\/?s={search_term_string}"},"query-input":"required name=search_term_string"}],"inLanguage":"en-US"}]}},"_links":{"self":[{"href":"https:\/\/dynfut.tamtomy.cz\/en\/wp-json\/wp\/v2\/pages\/97"}],"collection":[{"href":"https:\/\/dynfut.tamtomy.cz\/en\/wp-json\/wp\/v2\/pages"}],"about":[{"href":"https:\/\/dynfut.tamtomy.cz\/en\/wp-json\/wp\/v2\/types\/page"}],"author":[{"embeddable":true,"href":"https:\/\/dynfut.tamtomy.cz\/en\/wp-json\/wp\/v2\/users\/2"}],"replies":[{"embeddable":true,"href":"https:\/\/dynfut.tamtomy.cz\/en\/wp-json\/wp\/v2\/comments?post=97"}],"version-history":[{"count":7,"href":"https:\/\/dynfut.tamtomy.cz\/en\/wp-json\/wp\/v2\/pages\/97\/revisions"}],"predecessor-version":[{"id":2713,"href":"https:\/\/dynfut.tamtomy.cz\/en\/wp-json\/wp\/v2\/pages\/97\/revisions\/2713"}],"up":[{"embeddable":true,"href":"https:\/\/dynfut.tamtomy.cz\/en\/wp-json\/wp\/v2\/pages\/30"}],"wp:attachment":[{"href":"https:\/\/dynfut.tamtomy.cz\/en\/wp-json\/wp\/v2\/media?parent=97"}],"curies":[{"name":"wp","href":"https:\/\/api.w.org\/{rel}","templated":true}]}}