{"id":99,"date":"2015-10-21T09:22:19","date_gmt":"2015-10-21T08:22:19","guid":{"rendered":"http:\/\/dharma.cz\/dynamic\/?page_id=99"},"modified":"2018-03-13T08:54:05","modified_gmt":"2018-03-13T07:54:05","slug":"training","status":"publish","type":"page","link":"https:\/\/dynfut.tamtomy.cz\/en\/products-and-services\/training\/","title":{"rendered":"Training"},"content":{"rendered":"<p>Our company has been involved in training in logistics, production, LEAN methods, etc. simulation etc. for a long time. In cooperation with our filial company ESCARE Ltd. we have created several <strong>educational programs and cycles<\/strong> which allow increasing the skills and qualification of your employees.<\/p>\n<h2>Lean Transformation in Practice<\/h2>\n<p><img loading=\"lazy\" decoding=\"async\" class=\"size-full wp-image-1765 alignright\" src=\"https:\/\/dynfut.tamtomy.cz\/wp-content\/uploads\/2015\/10\/EDUNETT-CMYK_72DPI.png\" alt=\"EDUNETT CMYK_72DPI\" width=\"199\" height=\"134\" srcset=\"https:\/\/dynfut.tamtomy.cz\/wp-content\/uploads\/2015\/10\/EDUNETT-CMYK_72DPI.png 199w, https:\/\/dynfut.tamtomy.cz\/wp-content\/uploads\/2015\/10\/EDUNETT-CMYK_72DPI-150x101.png 150w\" sizes=\"(max-width: 199px) 100vw, 199px\" \/><\/p>\n<p>The companies DYNAMIC FUTURE Ltd., ESCARE Ltd., Salso Ltd. and ProLean have created the unique educational platform EDUNETT (EDUcational NETtwork for Transformation) which<\/p>\n<p>wants to be an <strong>inovator<\/strong> in the field company education. Our first educational programme Lean Transformation in Practice allows changing <strong>your employees to leaders <\/strong>and they will start a change in your company &#8211; transform to lean company (more details about this study programme you can find <a href=\"http:\/\/www.edunett.cz\">here<\/a>).<\/p>\n<h2><strong>CYCLE OF INTERACTIVE TRAININGS FOR PRODUCTION AND LOGISTICS<\/strong><\/h2>\n<p>In the cooperation with our filial ESCARE Ltd. we have started again the Cycle <strong><a href=\"http:\/\/www.escare.cz\/vzdelavani\/otevrene-workshopy-a-seminare\">10 interactive trainings for production and logistics<\/a>.<\/strong> These uniques trainings with using interactive games allow your employees better understand principles of basic methods of <strong>lean production<\/strong> and <strong>lean logistics<\/strong>. Very positive responses from last cycles and a high level of satisfaction \u00a0(94%) led us to open this cycle again.<\/p>\n<h3>Said about us:<\/h3>\n<p><strong>BONATRANS Group Inc., Golasowski Martin<\/strong>\u00a0\u2013\u00a0<em>\u201eMy expectations of this day were 100% fulfilled. I would implement lean methods in our production. I believe that it can bring some positive effect to our company.\u201c<\/em><\/p>\n<p><strong>T\u0159ineck\u00e9 \u017eelez\u00e1rny Inc., Gembalov\u00e1 Regina<\/strong>\u00a0\u2013\u00a0<em>\u201eMy expectation of this day was exactly as this day. I am satisfied about some theory during the day but it wasn\u00b4t too much. I liked the game and I will thing about the using this game for new workers and for management.\u201c<\/em><\/p>\n<p><img loading=\"lazy\" decoding=\"async\" class=\"aligncenter wp-image-1766\" src=\"https:\/\/dynfut.tamtomy.cz\/wp-content\/uploads\/2015\/10\/IMG_6401.jpg\" alt=\"IMG_6401\" width=\"1080\" height=\"810\" srcset=\"https:\/\/dynfut.tamtomy.cz\/wp-content\/uploads\/2015\/10\/IMG_6401.jpg 3264w, https:\/\/dynfut.tamtomy.cz\/wp-content\/uploads\/2015\/10\/IMG_6401-150x113.jpg 150w, https:\/\/dynfut.tamtomy.cz\/wp-content\/uploads\/2015\/10\/IMG_6401-768x576.jpg 768w\" sizes=\"(max-width: 1080px) 100vw, 1080px\" \/><\/p>\n<h1>WITNESS training<\/h1>\n<p>The course is for everyone who wants to gain necessary knowledge to <strong>efective work with the programme<\/strong>. We offer training on two levels BASIC and ADVANCED.<\/p>\n<p>Applicants for the training can send e-mails to <a href=\"mailto:witness@dynamicfuture.cz\">witness@dynamicfuture.cz<\/a>.<\/p>\n<p>More information here <a href=\"http:\/\/witness.cz\/cz\/produkty-a-aplikace\/mentoring-a-treninky\/\">here<\/a><\/p>\n","protected":false},"excerpt":{"rendered":"<p>Our company has been involved in training in logistics, production, LEAN methods, etc. simulation etc. for a long time. In cooperation with our filial company ESCARE Ltd. we have created several educational programs and cycles which allow increasing the skills and qualification of your employees. Lean Transformation in Practice The companies DYNAMIC FUTURE Ltd., ESCARE [&hellip;]<\/p>\n","protected":false},"author":2,"featured_media":0,"parent":30,"menu_order":4,"comment_status":"open","ping_status":"closed","template":"","meta":{"footnotes":""},"acf":[],"yoast_head":"<!-- This site is optimized with the Yoast SEO plugin v22.5 - https:\/\/yoast.com\/wordpress\/plugins\/seo\/ -->\n<title>Training - DYNAMIC FUTURE<\/title>\n<meta name=\"robots\" content=\"noindex, follow, max-snippet:-1, max-image-preview:large, max-video-preview:-1\" \/>\n<meta property=\"og:locale\" content=\"en_US\" \/>\n<meta property=\"og:type\" content=\"article\" \/>\n<meta property=\"og:title\" content=\"Training - DYNAMIC FUTURE\" \/>\n<meta property=\"og:description\" content=\"Our company has been involved in training in logistics, production, LEAN methods, etc. simulation etc. for a long time. In cooperation with our filial company ESCARE Ltd. we have created several educational programs and cycles which allow increasing the skills and qualification of your employees. Lean Transformation in Practice The companies DYNAMIC FUTURE Ltd., ESCARE [&hellip;]\" \/>\n<meta property=\"og:url\" content=\"https:\/\/dynfut.tamtomy.cz\/en\/products-and-services\/training\/\" \/>\n<meta property=\"og:site_name\" content=\"DYNAMIC FUTURE\" \/>\n<meta property=\"article:modified_time\" content=\"2018-03-13T07:54:05+00:00\" \/>\n<meta property=\"og:image\" content=\"https:\/\/dynfut.tamtomy.cz\/wp-content\/uploads\/2015\/10\/EDUNETT-CMYK_72DPI.png\" \/>\n<meta name=\"twitter:card\" content=\"summary_large_image\" \/>\n<meta name=\"twitter:label1\" content=\"Est. reading time\" \/>\n\t<meta name=\"twitter:data1\" content=\"2 minutes\" \/>\n<script type=\"application\/ld+json\" class=\"yoast-schema-graph\">{\"@context\":\"https:\/\/schema.org\",\"@graph\":[{\"@type\":\"WebPage\",\"@id\":\"https:\/\/dynfut.tamtomy.cz\/en\/products-and-services\/training\/\",\"url\":\"https:\/\/dynfut.tamtomy.cz\/en\/products-and-services\/training\/\",\"name\":\"Training - DYNAMIC FUTURE\",\"isPartOf\":{\"@id\":\"https:\/\/dynfut.tamtomy.cz\/en\/#website\"},\"primaryImageOfPage\":{\"@id\":\"https:\/\/dynfut.tamtomy.cz\/en\/products-and-services\/training\/#primaryimage\"},\"image\":{\"@id\":\"https:\/\/dynfut.tamtomy.cz\/en\/products-and-services\/training\/#primaryimage\"},\"thumbnailUrl\":\"https:\/\/dynfut.tamtomy.cz\/wp-content\/uploads\/2015\/10\/EDUNETT-CMYK_72DPI.png\",\"datePublished\":\"2015-10-21T08:22:19+00:00\",\"dateModified\":\"2018-03-13T07:54:05+00:00\",\"breadcrumb\":{\"@id\":\"https:\/\/dynfut.tamtomy.cz\/en\/products-and-services\/training\/#breadcrumb\"},\"inLanguage\":\"en-US\",\"potentialAction\":[{\"@type\":\"ReadAction\",\"target\":[\"https:\/\/dynfut.tamtomy.cz\/en\/products-and-services\/training\/\"]}]},{\"@type\":\"ImageObject\",\"inLanguage\":\"en-US\",\"@id\":\"https:\/\/dynfut.tamtomy.cz\/en\/products-and-services\/training\/#primaryimage\",\"url\":\"https:\/\/dynfut.tamtomy.cz\/wp-content\/uploads\/2015\/10\/EDUNETT-CMYK_72DPI.png\",\"contentUrl\":\"https:\/\/dynfut.tamtomy.cz\/wp-content\/uploads\/2015\/10\/EDUNETT-CMYK_72DPI.png\"},{\"@type\":\"BreadcrumbList\",\"@id\":\"https:\/\/dynfut.tamtomy.cz\/en\/products-and-services\/training\/#breadcrumb\",\"itemListElement\":[{\"@type\":\"ListItem\",\"position\":1,\"name\":\"Home\",\"item\":\"https:\/\/dynfut.tamtomy.cz\/en\/\"},{\"@type\":\"ListItem\",\"position\":2,\"name\":\"Logistics and optimization of business processes\",\"item\":\"https:\/\/dynfut.tamtomy.cz\/en\/\"},{\"@type\":\"ListItem\",\"position\":3,\"name\":\"Products and services\",\"item\":\"https:\/\/dynfut.tamtomy.cz\/en\/products-and-services\/\"},{\"@type\":\"ListItem\",\"position\":4,\"name\":\"Training\"}]},{\"@type\":\"WebSite\",\"@id\":\"https:\/\/dynfut.tamtomy.cz\/en\/#website\",\"url\":\"https:\/\/dynfut.tamtomy.cz\/en\/\",\"name\":\"DYNAMIC FUTURE\",\"description\":\"digital twins (digit\u00e1ln\u00ed dvoj\u010data) pro p\u0159esn\u00e9 rozhodov\u00e1n\u00ed v pr\u016fmyslu a logistice\",\"potentialAction\":[{\"@type\":\"SearchAction\",\"target\":{\"@type\":\"EntryPoint\",\"urlTemplate\":\"https:\/\/dynfut.tamtomy.cz\/en\/?s={search_term_string}\"},\"query-input\":\"required name=search_term_string\"}],\"inLanguage\":\"en-US\"}]}<\/script>\n<!-- \/ Yoast SEO plugin. -->","yoast_head_json":{"title":"Training - DYNAMIC FUTURE","robots":{"index":"noindex","follow":"follow","max-snippet":"max-snippet:-1","max-image-preview":"max-image-preview:large","max-video-preview":"max-video-preview:-1"},"og_locale":"en_US","og_type":"article","og_title":"Training - DYNAMIC FUTURE","og_description":"Our company has been involved in training in logistics, production, LEAN methods, etc. simulation etc. for a long time. In cooperation with our filial company ESCARE Ltd. we have created several educational programs and cycles which allow increasing the skills and qualification of your employees. Lean Transformation in Practice The companies DYNAMIC FUTURE Ltd., ESCARE [&hellip;]","og_url":"https:\/\/dynfut.tamtomy.cz\/en\/products-and-services\/training\/","og_site_name":"DYNAMIC FUTURE","article_modified_time":"2018-03-13T07:54:05+00:00","og_image":[{"url":"https:\/\/dynfut.tamtomy.cz\/wp-content\/uploads\/2015\/10\/EDUNETT-CMYK_72DPI.png"}],"twitter_card":"summary_large_image","twitter_misc":{"Est. reading time":"2 minutes"},"schema":{"@context":"https:\/\/schema.org","@graph":[{"@type":"WebPage","@id":"https:\/\/dynfut.tamtomy.cz\/en\/products-and-services\/training\/","url":"https:\/\/dynfut.tamtomy.cz\/en\/products-and-services\/training\/","name":"Training - DYNAMIC FUTURE","isPartOf":{"@id":"https:\/\/dynfut.tamtomy.cz\/en\/#website"},"primaryImageOfPage":{"@id":"https:\/\/dynfut.tamtomy.cz\/en\/products-and-services\/training\/#primaryimage"},"image":{"@id":"https:\/\/dynfut.tamtomy.cz\/en\/products-and-services\/training\/#primaryimage"},"thumbnailUrl":"https:\/\/dynfut.tamtomy.cz\/wp-content\/uploads\/2015\/10\/EDUNETT-CMYK_72DPI.png","datePublished":"2015-10-21T08:22:19+00:00","dateModified":"2018-03-13T07:54:05+00:00","breadcrumb":{"@id":"https:\/\/dynfut.tamtomy.cz\/en\/products-and-services\/training\/#breadcrumb"},"inLanguage":"en-US","potentialAction":[{"@type":"ReadAction","target":["https:\/\/dynfut.tamtomy.cz\/en\/products-and-services\/training\/"]}]},{"@type":"ImageObject","inLanguage":"en-US","@id":"https:\/\/dynfut.tamtomy.cz\/en\/products-and-services\/training\/#primaryimage","url":"https:\/\/dynfut.tamtomy.cz\/wp-content\/uploads\/2015\/10\/EDUNETT-CMYK_72DPI.png","contentUrl":"https:\/\/dynfut.tamtomy.cz\/wp-content\/uploads\/2015\/10\/EDUNETT-CMYK_72DPI.png"},{"@type":"BreadcrumbList","@id":"https:\/\/dynfut.tamtomy.cz\/en\/products-and-services\/training\/#breadcrumb","itemListElement":[{"@type":"ListItem","position":1,"name":"Home","item":"https:\/\/dynfut.tamtomy.cz\/en\/"},{"@type":"ListItem","position":2,"name":"Logistics and optimization of business processes","item":"https:\/\/dynfut.tamtomy.cz\/en\/"},{"@type":"ListItem","position":3,"name":"Products and services","item":"https:\/\/dynfut.tamtomy.cz\/en\/products-and-services\/"},{"@type":"ListItem","position":4,"name":"Training"}]},{"@type":"WebSite","@id":"https:\/\/dynfut.tamtomy.cz\/en\/#website","url":"https:\/\/dynfut.tamtomy.cz\/en\/","name":"DYNAMIC FUTURE","description":"digital twins (digit\u00e1ln\u00ed dvoj\u010data) pro p\u0159esn\u00e9 rozhodov\u00e1n\u00ed v pr\u016fmyslu a logistice","potentialAction":[{"@type":"SearchAction","target":{"@type":"EntryPoint","urlTemplate":"https:\/\/dynfut.tamtomy.cz\/en\/?s={search_term_string}"},"query-input":"required name=search_term_string"}],"inLanguage":"en-US"}]}},"_links":{"self":[{"href":"https:\/\/dynfut.tamtomy.cz\/en\/wp-json\/wp\/v2\/pages\/99"}],"collection":[{"href":"https:\/\/dynfut.tamtomy.cz\/en\/wp-json\/wp\/v2\/pages"}],"about":[{"href":"https:\/\/dynfut.tamtomy.cz\/en\/wp-json\/wp\/v2\/types\/page"}],"author":[{"embeddable":true,"href":"https:\/\/dynfut.tamtomy.cz\/en\/wp-json\/wp\/v2\/users\/2"}],"replies":[{"embeddable":true,"href":"https:\/\/dynfut.tamtomy.cz\/en\/wp-json\/wp\/v2\/comments?post=99"}],"version-history":[{"count":8,"href":"https:\/\/dynfut.tamtomy.cz\/en\/wp-json\/wp\/v2\/pages\/99\/revisions"}],"predecessor-version":[{"id":3608,"href":"https:\/\/dynfut.tamtomy.cz\/en\/wp-json\/wp\/v2\/pages\/99\/revisions\/3608"}],"up":[{"embeddable":true,"href":"https:\/\/dynfut.tamtomy.cz\/en\/wp-json\/wp\/v2\/pages\/30"}],"wp:attachment":[{"href":"https:\/\/dynfut.tamtomy.cz\/en\/wp-json\/wp\/v2\/media?parent=99"}],"curies":[{"name":"wp","href":"https:\/\/api.w.org\/{rel}","templated":true}]}}